{"id":6617,"date":"2021-06-09T17:50:03","date_gmt":"2021-06-09T16:50:03","guid":{"rendered":"https:\/\/holalemania.de\/home"},"modified":"2026-04-21T06:22:49","modified_gmt":"2026-04-21T05:22:49","slug":"home","status":"publish","type":"page","link":"https:\/\/holalemania.de\/sq\/","title":{"rendered":"Home"},"content":{"rendered":"<div class=\"wpb-content-wrapper\"><p>[vc_row][vc_column][vc_single_image image=&#8221;6594&#8243; img_size=&#8221;full&#8221; alignment=&#8221;center&#8221;][vc_row_inner][vc_column_inner width=&#8221;1\/4&#8243; css=&#8221;.vc_custom_1724676534006{background-color: rgba(0,0,0,0.01) !important;*background-color: rgb(0,0,0) !important;}&#8221;][vc_single_image image=&#8221;7796&#8243; img_size=&#8221;full&#8221; alignment=&#8221;center&#8221; onclick=&#8221;custom_link&#8221; img_link_target=&#8221;_blank&#8221; css=&#8221;&#8221; link=&#8221;https:\/\/www.faire-anwerbung-pflege-deutschland.de\/&#8221; el_class=&#8221;ral&#8221;][\/vc_column_inner][vc_column_inner width=&#8221;1\/2&#8243; centered_cont=&#8221;true&#8221; centered_cont_vertical=&#8221;true&#8221; background_color=&#8221;#87bdde&#8221; css=&#8221;.vc_custom_1625046403886{border-top-width: 15px !important;border-right-width: 15px !important;border-bottom-width: 15px !important;border-left-width: 15px !important;padding-top: 25px !important;padding-bottom: 25px !important;background-color: #87bdde !important;border-left-color: #ffffff !important;border-left-style: solid !important;border-right-color: #ffffff !important;border-right-style: solid !important;border-top-color: #ffffff !important;border-top-style: solid !important;border-bottom-color: #ffffff !important;border-bottom-style: solid !important;}&#8221; el_id=&#8221;head-text&#8221;][vc_custom_heading text=&#8221;PUNONI SI INFERMIERE<br \/>\nN\u00cb GJERMANI&#8221; font_container=&#8221;tag:h1|text_align:center|color:%23000000&#8243; google_fonts=&#8221;font_family:Montserrat%3Aregular%2C700|font_style:400%20regular%3A400%3Anormal&#8221;][vc_empty_space height=&#8221;20px&#8221;][vc_column_text css=&#8221;.vc_custom_1631885780691{padding-top: 20px !important;}&#8221;]<\/p>\n<p style=\"text-align: center;\"><span style=\"color: #000000;\">Hidhini nj\u00eb sy gam\u00ebs s\u00eb gjer\u00eb t\u00eb mund\u00ebsive tona t\u00eb pun\u00ebs si infermiere dhe mos ngurroni t\u00eb na d\u00ebrgoni CV -n\u00eb tuaj. Ne do t&#8217;ju kontaktojm\u00eb sa m\u00eb shpejt t\u00eb jet\u00eb e mundur p\u00ebr t\u00eb organizuar nj\u00eb intervist\u00eb t\u00eb par\u00eb.<\/span><\/p>\n<p>[\/vc_column_text][vc_btn title=&#8221;Aplikoni tani&#8221; style=&#8221;custom&#8221; custom_background=&#8221;#ecca25&#8243; custom_text=&#8221;#000000&#8243; shape=&#8221;square&#8221; align=&#8221;center&#8221; link=&#8221;url:https%3A%2F%2Fholalemania.de%2Fsq%2Fbewerbung|title:Kontakt&#8221;][\/vc_column_inner][vc_column_inner width=&#8221;1\/4&#8243;][vc_single_image image=&#8221;7867&#8243; img_size=&#8221;full&#8221; alignment=&#8221;center&#8221; onclick=&#8221;custom_link&#8221; img_link_target=&#8221;_blank&#8221; css=&#8221;.vc_custom_1729166532213{padding-top: 40px !important;}&#8221; link=&#8221;https:\/\/www.faire-anwerbung-pflege-deutschland.de\/&#8221; el_id=&#8221;ral&#8221;][\/vc_column_inner][\/vc_row_inner][\/vc_column][\/vc_row][vc_row type=&#8221;full_width_background&#8221; bg_color=&#8221;#f2f2f2&#8243;][vc_column width=&#8221;1\/4&#8243;][\/vc_column][vc_column width=&#8221;1\/2&#8243;][vc_custom_heading text=&#8221;INFERMIER\u00cb NGA EVROPA DHE VENDE T\u00cb TJERA P\u00cbR SPITALET GJERMANE&#8221; font_container=&#8221;tag:h1|text_align:center|color:%23000000&#8243; google_fonts=&#8221;font_family:Montserrat%3Aregular%2C700|font_style:400%20regular%3A400%3Anormal&#8221;][separator width=&#8221;200px&#8221; height=&#8221;1px&#8221; position=&#8221;center&#8221; color=&#8221;#222222&#8243; margin_top=&#8221;20px&#8221; margin_bottom=&#8221;20px&#8221;][vc_column_text css=&#8221;.vc_custom_1631885819550{padding-top: 20px !important;}&#8221;]<\/p>\n<p style=\"text-align: center;\">Mir\u00ebsevini n\u00eb faqen ton\u00eb t\u00eb internetit t\u00eb Holalemania!<br \/>\nNe i drejtohemi t\u00eb gjitha spitaleve n\u00eb Gjermani q\u00eb kan\u00eb nevoj\u00eb p\u00ebr personel n\u00eb fush\u00ebn e infermieris\u00eb. Dhe sigurisht q\u00eb ne gjithashtu i drejtohemi infermier\u00ebve q\u00eb po mendojn\u00eb t\u00eb vijn\u00eb n\u00eb Gjermani p\u00ebr t\u00eb praktikuar profesionin e tyre.<\/p>\n<p>[\/vc_column_text][\/vc_column][vc_column width=&#8221;1\/4&#8243;][\/vc_column][\/vc_row][vc_row][vc_column width=&#8221;1\/4&#8243;][\/vc_column][vc_column width=&#8221;1\/2&#8243;][vc_column_text]<\/p>\n<p style=\"text-align: center;\"><span style=\"color: #000000;\">Ne ne Holalemania jemi nje ekip nderkombetar<br \/>\nme qender ne Hamburg: Fokusi i punes sone eshte nje ndermjetesim efektiv, produktiv<br \/>\ndhe afatgjate. Ne karakterizohemi nga mbeshtetje e ngushte, afersi me kandidatet tane dhe klientet<br \/>\ntane dhe pervoje shumevjecare.<br \/>\nNe i shoqerojme kandidatet dhe klientet tane nga mberritja e tyre deri ne fillimin e punes ne Gjermani dhe nje vit me tutje pas fillimit te punes. Ne ofrojme ndihme praktike, mbeshtetje emocionale dhe jemi ne dizpozicion per cdo lloj problemi ose pyetjeje.<br \/>\n<\/span><\/p>\n<p>[\/vc_column_text][\/vc_column][vc_column width=&#8221;1\/4&#8243;][\/vc_column][\/vc_row][vc_row][vc_column width=&#8221;1\/6&#8243;][\/vc_column][vc_column width=&#8221;1\/3&#8243;][vc_icon icon_fontawesome=&#8221;fas fa-stethoscope&#8221; color=&#8221;custom&#8221; size=&#8221;xl&#8221; align=&#8221;center&#8221; custom_color=&#8221;#87bdde&#8221;][vc_custom_heading text=&#8221;P\u00cbR APLIKANT\u00cbT&#8221; font_container=&#8221;tag:h1|text_align:center|color:%23000000&#8243; google_fonts=&#8221;font_family:Montserrat%3Aregular%2C700|font_style:400%20regular%3A400%3Anormal&#8221;][separator width=&#8221;100px&#8221; height=&#8221;1px&#8221; position=&#8221;center&#8221; color=&#8221;#222222&#8243; margin_top=&#8221;20px&#8221; margin_bottom=&#8221;20px&#8221;][vc_column_text css=&#8221;.vc_custom_1631885844470{padding-top: 20px !important;}&#8221;]<\/p>\n<p style=\"text-align: center;\"><span style=\"color: #000000;\">Me mb\u00ebshtetjen e ekipit ton\u00eb, ju do t\u00eb keni dik\u00eb pran\u00eb jush n\u00eb t\u00eb gjitha fushat e jet\u00ebs tuaj; nga njohja e profesionit tuaj deri tek gjetja e nj\u00eb vendi p\u00ebr t\u00eb jetuar n\u00eb Gjermani dhe shum\u00eb \u00e7\u00ebshtje t\u00eb tjera.<\/span><\/p>\n<p>[\/vc_column_text][vc_btn title=&#8221;\u00c7far\u00eb ofrojm\u00eb&#8221; style=&#8221;custom&#8221; custom_background=&#8221;#87bdde&#8221; custom_text=&#8221;#000000&#8243; shape=&#8221;square&#8221; size=&#8221;lg&#8221; align=&#8221;center&#8221; link=&#8221;url:https%3A%2F%2Fholalemania.de%2Fsq%2Fperse-me-holalemania-drejt-gjermanise&#8221;][vc_empty_space height=&#8221;20px&#8221;][\/vc_column][vc_column width=&#8221;1\/3&#8243;][vc_icon icon_fontawesome=&#8221;far fa-hospital&#8221; color=&#8221;custom&#8221; size=&#8221;xl&#8221; align=&#8221;center&#8221; custom_color=&#8221;#87bdde&#8221;][vc_custom_heading text=&#8221;P\u00cbR SPITALET&#8221; font_container=&#8221;tag:h1|text_align:center|color:%23000000&#8243; google_fonts=&#8221;font_family:Montserrat%3Aregular%2C700|font_style:400%20regular%3A400%3Anormal&#8221;][separator width=&#8221;100px&#8221; height=&#8221;1px&#8221; position=&#8221;center&#8221; color=&#8221;#222222&#8243; margin_top=&#8221;20px&#8221; margin_bottom=&#8221;20px&#8221;][vc_column_text]<\/p>\n<p style=\"text-align: center;\"><span style=\"color: #000000;\">Ne zgjedhim pun\u00ebtor\u00eb t\u00eb kualifikuar p\u00ebr ju nga Italia, Spanja, Shqip\u00ebria dhe shum\u00eb vende t\u00eb tjera. P\u00ebrve\u00e7 k\u00ebsaj, ne ofrojm\u00eb mb\u00ebshtetje t\u00eb p\u00ebrhershme p\u00ebr t\u00eb dyja pal\u00ebt gjat\u00eb integrimit n\u00eb Gjermani, n\u00eb qytetin e ri dhe n\u00eb spitalin tuaj.<\/span><\/p>\n<p>[\/vc_column_text][vc_btn title=&#8221;Sh\u00ebrbimet tona&#8221; style=&#8221;custom&#8221; custom_background=&#8221;#87bdde&#8221; custom_text=&#8221;#000000&#8243; shape=&#8221;square&#8221; size=&#8221;lg&#8221; align=&#8221;center&#8221; link=&#8221;url:https%3A%2F%2Fholalemania.de%2Fsq%2Finformacione-per-spitalet|title:F%C3%BCr%20die%20Krankenh%C3%A4user&#8221;][\/vc_column][vc_column width=&#8221;1\/6&#8243;][\/vc_column][\/vc_row][vc_row type=&#8221;full_width_background&#8221; bg_image=&#8221;2906&#8243; bg_position=&#8221;center center&#8221; overlay=&#8221;true&#8221; overlay_color=&#8221;#ecca25&#8243; top_padding=&#8221;150&#8243; bottom_padding=&#8221;150&#8243;][vc_column width=&#8221;1\/4&#8243;][vc_custom_heading text=&#8221;35&#8243; font_container=&#8221;tag:h1|font_size:80px|text_align:center|color:%23000000|line_height:80px&#8221; use_theme_fonts=&#8221;yes&#8221;][vc_custom_heading text=&#8221;KOMBESI TE<br \/>\nNDRYSHME TE<br \/>\nAPLIKUESVE TANE&#8221; font_container=&#8221;tag:p|text_align:center|color:%23000000&#8243; use_theme_fonts=&#8221;yes&#8221;][\/vc_column][vc_column width=&#8221;1\/4&#8243;][vc_custom_heading text=&#8221;921&#8243; font_container=&#8221;tag:h1|font_size:80px|text_align:center|color:%23000000|line_height:80px&#8221; use_theme_fonts=&#8221;yes&#8221; css=&#8221;&#8221;][vc_custom_heading text=&#8221;MAMI DHE INFERMIERE QE JANE SISTEMUAR TASHME SHUME MIRE NE GJERMANI&#8221; font_container=&#8221;tag:p|text_align:center|color:%23000000&#8243; use_theme_fonts=&#8221;yes&#8221;][\/vc_column][vc_column width=&#8221;1\/4&#8243;][vc_custom_heading text=&#8221;13&#8243; font_container=&#8221;tag:h1|font_size:80px|text_align:center|color:%23000000|line_height:80px&#8221; use_theme_fonts=&#8221;yes&#8221; css=&#8221;&#8221;][vc_custom_heading text=&#8221;VJETET E<br \/>\nEKSPERIENCES NE<br \/>\nNDERMJETESIM&#8221; font_container=&#8221;tag:p|text_align:center|color:%23000000&#8243; use_theme_fonts=&#8221;yes&#8221;][\/vc_column][vc_column width=&#8221;1\/4&#8243;][vc_custom_heading text=&#8221;62&#8243; font_container=&#8221;tag:h1|font_size:80px|text_align:center|color:%23000000|line_height:80px&#8221; use_theme_fonts=&#8221;yes&#8221; css=&#8221;&#8221;][vc_custom_heading text=&#8221;SPITALET,<br \/>\nME TE CILET<br \/>\nBASHKEPUNOJME&#8221; font_container=&#8221;tag:p|text_align:center|color:%23000000&#8243; use_theme_fonts=&#8221;yes&#8221;][\/vc_column][\/vc_row][vc_row][vc_column][vc_single_image image=&#8221;8043&#8243; img_size=&#8221;full&#8221; alignment=&#8221;center&#8221; css=&#8221;&#8221;][vc_row_inner][vc_column_inner width=&#8221;1\/4&#8243;][\/vc_column_inner][vc_column_inner width=&#8221;1\/2&#8243; centered_cont=&#8221;true&#8221; centered_cont_vertical=&#8221;true&#8221; background_color=&#8221;#87bdde&#8221; css=&#8221;.vc_custom_1623256425913{border-top-width: 15px !important;border-right-width: 15px !important;border-bottom-width: 15px !important;border-left-width: 15px !important;background-color: #87bdde !important;border-left-color: #ffffff !important;border-left-style: solid !important;border-right-color: #ffffff !important;border-right-style: solid !important;border-top-color: #ffffff !important;border-top-style: solid !important;border-bottom-color: #ffffff !important;border-bottom-style: solid !important;}&#8221; el_id=&#8221;head-text-2&#8243;][vc_custom_heading text=&#8221;EKIPI YNE&#8221; font_container=&#8221;tag:h1|text_align:center|color:%23000000&#8243; google_fonts=&#8221;font_family:Montserrat%3Aregular%2C700|font_style:400%20regular%3A400%3Anormal&#8221;][vc_empty_space height=&#8221;20px&#8221;][vc_column_text css=&#8221;.vc_custom_1635240331430{padding-top: 20px !important;}&#8221;]<\/p>\n<p style=\"text-align: center;\"><span style=\"color: #000000;\">Ekipi i Holalemania perkrah aplikuesit e tij ne cdo faze te ndermjetesimit, si ne vendlindje psh. per gjetjen e shkolles se gjuhes, por edhe ne Gjermani. Pika jone e forte eshte fakti qe jemi kaq te shumanshem dhe me kombesi te ndryshme.<\/span><\/p>\n<p>[\/vc_column_text][vc_btn title=&#8221;Na njihni me mire&#8221; style=&#8221;custom&#8221; custom_background=&#8221;#ecca25&#8243; custom_text=&#8221;#000000&#8243; shape=&#8221;square&#8221; align=&#8221;center&#8221; link=&#8221;url:https%3A%2F%2Fholalemania.de%2Fsq%2Fkush-jemi-ne&#8221;][vc_empty_space height=&#8221;20px&#8221;][\/vc_column_inner][vc_column_inner width=&#8221;1\/4&#8243;][\/vc_column_inner][\/vc_row_inner][\/vc_column][\/vc_row][vc_row type=&#8221;full_width_background&#8221; bg_image=&#8221;2906&#8243; bg_position=&#8221;center center&#8221; overlay=&#8221;true&#8221; overlay_color=&#8221;#87bdde&#8221; top_padding=&#8221;50&#8243; bottom_padding=&#8221;0&#8243; class=&#8221;blog&#8221;][vc_column width=&#8221;1\/12&#8243;][\/vc_column][vc_column width=&#8221;10\/12&#8243;][vc_custom_heading text=&#8221;POSTIMET TONA TE FUNDIT NE BLOG&#8221; font_container=&#8221;tag:h1|text_align:center|color:%23000000&#8243; google_fonts=&#8221;font_family:Montserrat%3Aregular%2C700|font_style:400%20regular%3A400%3Anormal&#8221;][separator width=&#8221;200px&#8221; height=&#8221;1px&#8221; position=&#8221;center&#8221; color=&#8221;#222222&#8243; margin_top=&#8221;20px&#8221; margin_bottom=&#8221;20px&#8221;][vc_basic_grid post_type=&#8221;post&#8221; max_items=&#8221;3&#8243; gap=&#8221;35&#8243; item=&#8221;5446&#8243; initial_loading_animation=&#8221;none&#8221; grid_id=&#8221;vc_gid:1776748951990-803f680d-02ec-2&#8243; el_class=&#8221;blog&#8221;][\/vc_column][vc_column width=&#8221;1\/12&#8243;][\/vc_column][\/vc_row]<\/p>\n<\/div>","protected":false},"excerpt":{"rendered":"<p>[vc_row][vc_column][vc_single_image image=&#8221;6594&#8243; img_size=&#8221;full&#8221; alignment=&#8221;center&#8221;][vc_row_inner][vc_column_inner width=&#8221;1\/4&#8243; css=&#8221;.vc_custom_1724676534006{background-color: rgba(0,0,0,0.01) !important;*background-color: rgb(0,0,0) !important;}&#8221;][vc_single_image image=&#8221;7796&#8243; img_size=&#8221;full&#8221; alignment=&#8221;center&#8221; onclick=&#8221;custom_link&#8221; img_link_target=&#8221;_blank&#8221; css=&#8221;&#8221; link=&#8221;https:\/\/www.faire-anwerbung-pflege-deutschland.de\/&#8221; el_class=&#8221;ral&#8221;][\/vc_column_inner][vc_column_inner width=&#8221;1\/2&#8243; centered_cont=&#8221;true&#8221; centered_cont_vertical=&#8221;true&#8221; background_color=&#8221;#87bdde&#8221; css=&#8221;.vc_custom_1625046403886{border-top-width: 15px !important;border-right-width: 15px !important;border-bottom-width: 15px !important;border-left-width: 15px !important;padding-top: 25px !important;padding-bottom: 25px !important;background-color: #87bdde !important;border-left-color: #ffffff !important;border-left-style: solid !important;border-right-color: #ffffff !important;border-right-style: solid !important;border-top-color: #ffffff !important;border-top-style: solid !important;border-bottom-color: #ffffff !important;border-bottom-style: solid !important;}&#8221; el_id=&#8221;head-text&#8221;][vc_custom_heading text=&#8221;PUNONI [&hellip;]<\/p>\n","protected":false},"author":1,"featured_media":6618,"parent":0,"menu_order":0,"comment_status":"closed","ping_status":"closed","template":"","meta":{"_acf_changed":false,"footnotes":""},"class_list":["post-6617","page","type-page","status-publish","has-post-thumbnail","hentry"],"acf":[],"_links":{"self":[{"href":"https:\/\/holalemania.de\/sq\/wp-json\/wp\/v2\/pages\/6617","targetHints":{"allow":["GET"]}}],"collection":[{"href":"https:\/\/holalemania.de\/sq\/wp-json\/wp\/v2\/pages"}],"about":[{"href":"https:\/\/holalemania.de\/sq\/wp-json\/wp\/v2\/types\/page"}],"author":[{"embeddable":true,"href":"https:\/\/holalemania.de\/sq\/wp-json\/wp\/v2\/users\/1"}],"replies":[{"embeddable":true,"href":"https:\/\/holalemania.de\/sq\/wp-json\/wp\/v2\/comments?post=6617"}],"version-history":[{"count":12,"href":"https:\/\/holalemania.de\/sq\/wp-json\/wp\/v2\/pages\/6617\/revisions"}],"predecessor-version":[{"id":8384,"href":"https:\/\/holalemania.de\/sq\/wp-json\/wp\/v2\/pages\/6617\/revisions\/8384"}],"wp:featuredmedia":[{"embeddable":true,"href":"https:\/\/holalemania.de\/sq\/wp-json\/wp\/v2\/media\/6618"}],"wp:attachment":[{"href":"https:\/\/holalemania.de\/sq\/wp-json\/wp\/v2\/media?parent=6617"}],"curies":[{"name":"wp","href":"https:\/\/api.w.org\/{rel}","templated":true}]}}