{"id":6608,"date":"2021-06-28T08:37:08","date_gmt":"2021-06-28T07:37:08","guid":{"rendered":"https:\/\/holalemania.de\/fuer-die-krankenhaeuser"},"modified":"2024-09-17T14:25:19","modified_gmt":"2024-09-17T13:25:19","slug":"informacione-per-spitalet","status":"publish","type":"page","link":"https:\/\/holalemania.de\/sq\/informacione-per-spitalet\/","title":{"rendered":"Informacione p\u00ebr spitalet"},"content":{"rendered":"<div class=\"wpb-content-wrapper\"><p>[vc_row][vc_column][vc_single_image image=&#8221;7822&#8243; img_size=&#8221;full&#8221; alignment=&#8221;center&#8221; css=&#8221;&#8221;][vc_row_inner][vc_column_inner width=&#8221;1\/4&#8243;][\/vc_column_inner][vc_column_inner width=&#8221;1\/2&#8243; centered_cont=&#8221;true&#8221; centered_cont_vertical=&#8221;true&#8221; background_color=&#8221;#87bdde&#8221; css=&#8221;.vc_custom_1625121449454{border-top-width: 15px !important;border-right-width: 15px !important;border-bottom-width: 15px !important;border-left-width: 15px !important;padding-top: 25px !important;padding-right: 25px !important;padding-bottom: 25px !important;padding-left: 25px !important;background-color: #87bdde !important;border-left-color: #ffffff !important;border-left-style: solid !important;border-right-color: #ffffff !important;border-right-style: solid !important;border-top-color: #ffffff !important;border-top-style: solid !important;border-bottom-color: #ffffff !important;border-bottom-style: solid !important;}&#8221; el_id=&#8221;head-text&#8221;][vc_empty_space height=&#8221;100px&#8221; el_class=&#8221;spaceok&#8221;][vc_custom_heading text=&#8221;INFORMACIONE P\u00cbR SPITALET&#8221; font_container=&#8221;tag:h1|text_align:center|color:%23000000&#8243; google_fonts=&#8221;font_family:Montserrat%3Aregular%2C700|font_style:400%20regular%3A400%3Anormal&#8221;][vc_empty_space height=&#8221;100px&#8221; el_class=&#8221;spaceok&#8221;][\/vc_column_inner][vc_column_inner width=&#8221;1\/4&#8243;][\/vc_column_inner][\/vc_row_inner][\/vc_column][\/vc_row][vc_row type=&#8221;full_width_background&#8221; bg_color=&#8221;#f2f2f2&#8243;][vc_column width=&#8221;1\/6&#8243;][\/vc_column][vc_column width=&#8221;2\/3&#8243;][vc_custom_heading text=&#8221;PSE T\u00cb K\u00cbRKONI KANDIDAT\u00cb T\u00cb P\u00cbRSHTATSH\u00cbM<br \/>\nP\u00cbR SPITALIN TUAJ PIK\u00cbRISHT ME HOLALEMANIA?&#8221; font_container=&#8221;tag:h1|text_align:center|color:%23000000&#8243; google_fonts=&#8221;font_family:Montserrat%3Aregular%2C700|font_style:400%20regular%3A400%3Anormal&#8221;][separator width=&#8221;200px&#8221; height=&#8221;1px&#8221; position=&#8221;center&#8221; color=&#8221;#222222&#8243; margin_top=&#8221;20px&#8221; margin_bottom=&#8221;20px&#8221;][vc_column_text css=&#8221;.vc_custom_1631884168774{padding-top: 20px !important;}&#8221;]<\/p>\n<p style=\"text-align: center;\"><span style=\"color: #000000;\">Ne n\u00eb Holalemania k\u00ebrkojm\u00eb punonj\u00ebs t\u00eb p\u00ebrshtatsh\u00ebm nga vende t\u00eb ndryshme (si Italia, Spanja, Portugalia, Kroacia, Shqip\u00ebria ose Meksika) dhe kemi nj\u00eb fokus t\u00eb qart\u00eb p\u00ebr nd\u00ebrmjet\u00ebsime efektive, produktive dhe afatgjata. Me ekipin ton\u00eb nd\u00ebrkomb\u00ebtar prej 15 vetash, ne jemi t\u00eb p\u00ebrgatitur mir\u00eb p\u00ebr k\u00ebt\u00eb rol dhe kujdesemi personalisht p\u00ebr koleg\u00ebt tuaj t\u00eb rinj. Ne mb\u00ebshtesim k\u00ebrkimin p\u00ebr strehim, shoq\u00ebrojm\u00eb kandidat\u00ebt me mb\u00ebrritjen n\u00eb Gjermani dhe fillimin e pun\u00ebs n\u00eb spital dhe kujdesemi p\u00ebr t\u00eb gjitha \u00e7\u00ebshtjet burokratike dhe jo-burokratike q\u00eb lidhen me fillimin e jet\u00ebs n\u00eb Gjermani. <\/span><\/p>\n<p style=\"text-align: center;\"><span style=\"color: #000000;\">P\u00ebrve\u00e7 k\u00ebsaj, ne u ofrojm\u00eb kandidat\u00ebve dhe juve mb\u00ebshtetje t\u00eb m\u00ebtejshme p\u00ebr nj\u00eb vit nga fillimi i pun\u00ebs n\u00eb m\u00ebnyr\u00eb q\u00eb ta b\u00ebni fillimin sa m\u00eb t\u00eb leht\u00eb p\u00ebr punonj\u00ebsit tuaj t\u00eb ardhsh\u00ebm.<br \/>\nPor ne jemi gjithashtu t\u00eb pranish\u00ebm p\u00ebr punonj\u00ebsit tuaj dhe p\u00ebrgatitim koleg\u00ebt gjerman\u00eb p\u00ebr situat\u00ebn e re me koleg\u00ebt internacional\u00eb, n\u00eb m\u00ebnyr\u00eb q\u00eb ata t\u00eb reagojn\u00eb mir\u00eb dhe n\u00eb m\u00ebnyr\u00eb t\u00eb p\u00ebrshtatshme dhe t\u00eb marrin pjes\u00eb aktive dhe produktive n\u00eb pro\u00e7esin e hyrjes n\u00eb pun\u00eb.<\/span><\/p>\n<p>[\/vc_column_text][\/vc_column][vc_column width=&#8221;1\/6&#8243;][\/vc_column][\/vc_row][vc_row type=&#8221;full_width_background&#8221; top_padding=&#8221;0&#8243; bottom_padding=&#8221;0&#8243;][vc_column][vc_empty_space height=&#8221;15px&#8221;][\/vc_column][\/vc_row][vc_row type=&#8221;full_width_background&#8221; bg_image=&#8221;2906&#8243; bg_position=&#8221;center center&#8221; bg_color=&#8221;#f2f2f2&#8243; overlay=&#8221;true&#8221; overlay_color=&#8221;#ecca25&#8243;][vc_column width=&#8221;1\/6&#8243;][\/vc_column][vc_column width=&#8221;2\/3&#8243;][vc_custom_heading text=&#8221;PROCESI I REKRUTIMIT DHE NJOHJES&#8221; font_container=&#8221;tag:h1|text_align:center|color:%23000000&#8243; google_fonts=&#8221;font_family:Montserrat%3Aregular%2C700|font_style:400%20regular%3A400%3Anormal&#8221; css=&#8221;&#8221;][separator width=&#8221;200px&#8221; height=&#8221;1px&#8221; position=&#8221;center&#8221; color=&#8221;#222222&#8243; margin_top=&#8221;20px&#8221; margin_bottom=&#8221;20px&#8221;][vc_column_text css=&#8221;.vc_custom_1717409894483{padding-top: 20px !important;}&#8221;]<\/p>\n<p style=\"text-align: center;\"><span style=\"color: #000000;\">Procesi i ndermjetesimit per punonjesit tuaj te rinj ndahet ne shtate hapa, nga kontakti i pare me ne deri ne integrimin e plote ne institucionin tuaj dhe mjedisin e ri:<br \/>\n<\/span><\/p>\n<p>[\/vc_column_text][vc_column_text css=&#8221;&#8221;]<\/p>\n<p style=\"text-align: center;\">Ne biseden e pare ne kryejme nje analize te perbashket te nevojave dhe diskutojme te gjithe procesin dhe kerkesat e tij.<\/p>\n<p>[\/vc_column_text][vc_icon type=&#8221;entypo&#8221; icon_entypo=&#8221;entypo-icon entypo-icon-down&#8221; color=&#8221;custom&#8221; size=&#8221;xl&#8221; align=&#8221;center&#8221; custom_color=&#8221;#000000&#8243;][vc_column_text css=&#8221;&#8221;]<\/p>\n<p style=\"text-align: center;\">Ne nje perzgjedhje paraprake, ne zhvillojme intervista me kandidatet dhe vleresojme pershtatshmerine e tyre profesionale dhe personale dhe percaktojme nje perputhje te mundshme per institucionin tuaj.<\/p>\n<p>[\/vc_column_text][vc_icon type=&#8221;entypo&#8221; icon_entypo=&#8221;entypo-icon entypo-icon-down&#8221; color=&#8221;custom&#8221; size=&#8221;xl&#8221; align=&#8221;center&#8221; custom_color=&#8221;#000000&#8243;][vc_column_text css=&#8221;&#8221;]<\/p>\n<p style=\"text-align: center;\">Sapo te na jepni &#8220;OK&#8221;, ne organizojme nje interviste te perbashket (zakonisht permes intervistes me video). Nese te dyja palet bien dakord, hartohet kontrata e punes.<\/p>\n<p>[\/vc_column_text][vc_icon type=&#8221;entypo&#8221; icon_entypo=&#8221;entypo-icon entypo-icon-down&#8221; color=&#8221;custom&#8221; size=&#8221;xl&#8221; align=&#8221;center&#8221; custom_color=&#8221;#000000&#8243;][vc_column_text css=&#8221;&#8221;]<\/p>\n<p style=\"text-align: center;\">Ne baze te nivelit te njohurive te gjuhes gjermane te kanditateve,<br \/>\nne organizojme nje kurs te pershtatshem te gjuhes gjermane deri ne nivelin B2.<\/p>\n<p>[\/vc_column_text][vc_icon type=&#8221;entypo&#8221; icon_entypo=&#8221;entypo-icon entypo-icon-down&#8221; color=&#8221;custom&#8221; size=&#8221;xl&#8221; align=&#8221;center&#8221; custom_color=&#8221;#000000&#8243;][vc_column_text css=&#8221;&#8221;]<\/p>\n<p style=\"text-align: center;\">Ne marrim persiper te gjitha veprimet me institucionet zyrtare per te arritur njohjen profesionale.<\/p>\n<p>[\/vc_column_text][vc_icon type=&#8221;entypo&#8221; icon_entypo=&#8221;entypo-icon entypo-icon-down&#8221; color=&#8221;custom&#8221; size=&#8221;xl&#8221; align=&#8221;center&#8221; custom_color=&#8221;#000000&#8243;][vc_column_text css=&#8221;&#8221;]<\/p>\n<p style=\"text-align: center;\">Ardhja ne Gjermani i punonjesit\/se te ri\/se re dhe fillimi i punes tek ju.<\/p>\n<p>[\/vc_column_text][vc_icon type=&#8221;entypo&#8221; icon_entypo=&#8221;entypo-icon entypo-icon-down&#8221; color=&#8221;custom&#8221; size=&#8221;xl&#8221; align=&#8221;center&#8221; custom_color=&#8221;#000000&#8243;][vc_column_text css=&#8221;&#8221;]<\/p>\n<p style=\"text-align: center;\">Mbeshtetje ne shume fusha te ndryshme te kandidatit\/tes gjate vitit te pare dhe pergatitja e ekipit per mberritjen e kolegeve te rinj, si dhe mbeshtetje per procesin e bashkimin familjar.<\/p>\n<p>[\/vc_column_text][\/vc_column][vc_column width=&#8221;1\/6&#8243;][\/vc_column][\/vc_row][vc_row equal_height=&#8221;yes&#8221;][vc_column][vc_custom_heading text=&#8221;UNSERE LEISTUNGEN&#8221; font_container=&#8221;tag:h1|text_align:center|color:%23000000&#8243; google_fonts=&#8221;font_family:Montserrat%3Aregular%2C700|font_style:400%20regular%3A400%3Anormal&#8221;][separator width=&#8221;200px&#8221; height=&#8221;1px&#8221; position=&#8221;center&#8221; color=&#8221;#222222&#8243; margin_top=&#8221;20px&#8221; margin_bottom=&#8221;40px&#8221;][vc_row_inner][vc_column_inner width=&#8221;1\/6&#8243;][vc_custom_heading text=&#8221;1&#8243; font_container=&#8221;tag:h1|font_size:80px|text_align:center|color:%23000000|line_height:80px&#8221; use_theme_fonts=&#8221;yes&#8221;][vc_custom_heading text=&#8221;Organizim dhe mb\u00ebshtetje mentale gjat\u00eb kursit t\u00eb gjuh\u00ebs gjermane n\u00eb vendlindje&#8221; font_container=&#8221;tag:p|text_align:center|color:%23000000&#8243; use_theme_fonts=&#8221;yes&#8221;][\/vc_column_inner][vc_column_inner width=&#8221;1\/6&#8243;][vc_custom_heading text=&#8221;2&#8243; font_container=&#8221;tag:h1|font_size:80px|text_align:center|color:%23000000|line_height:80px&#8221; use_theme_fonts=&#8221;yes&#8221;][vc_custom_heading text=&#8221;P\u00ebrgatije dhe realizim t\u00eb intervist\u00ebs n\u00eb Gjermani ose n\u00eb Vendlindje&#8221; font_container=&#8221;tag:p|text_align:center|color:%23000000&#8243; use_theme_fonts=&#8221;yes&#8221;][\/vc_column_inner][vc_column_inner width=&#8221;1\/6&#8243;][vc_custom_heading text=&#8221;3&#8243; font_container=&#8221;tag:h1|font_size:80px|text_align:center|color:%23000000|line_height:80px&#8221; use_theme_fonts=&#8221;yes&#8221;][vc_custom_heading text=&#8221;Mb\u00ebshtetje gjat\u00eb p\u00ebrgatitjes s\u00eb zhvendosjes n\u00eb Gjermani&#8221; font_container=&#8221;tag:p|text_align:center|color:%23000000&#8243; use_theme_fonts=&#8221;yes&#8221;][\/vc_column_inner][vc_column_inner width=&#8221;1\/6&#8243;][vc_custom_heading text=&#8221;4&#8243; font_container=&#8221;tag:h1|font_size:80px|text_align:center|color:%23000000|line_height:80px&#8221; use_theme_fonts=&#8221;yes&#8221;][vc_custom_heading text=&#8221;Marrja p\u00ebrsip\u00ebr e t\u00eb gjitha aktiviteteve q\u00eb lidhen me njohjen e profesionit&#8221; font_container=&#8221;tag:p|text_align:center|color:%23000000&#8243; use_theme_fonts=&#8221;yes&#8221;][\/vc_column_inner][vc_column_inner width=&#8221;1\/6&#8243;][vc_custom_heading text=&#8221;5&#8243; font_container=&#8221;tag:h1|font_size:80px|text_align:center|color:%23000000|line_height:80px&#8221; use_theme_fonts=&#8221;yes&#8221;][vc_custom_heading text=&#8221;Mb\u00ebshtetje mbi t\u00eb gjitha temat q\u00eb kan\u00eb t\u00eb b\u00ebjn\u00eb me pro\u00e7esin e integrimit&#8221; font_container=&#8221;tag:p|text_align:center|color:%23000000&#8243; use_theme_fonts=&#8221;yes&#8221;][\/vc_column_inner][vc_column_inner width=&#8221;1\/6&#8243;][vc_custom_heading text=&#8221;6&#8243; font_container=&#8221;tag:h1|font_size:80px|text_align:center|color:%23000000|line_height:80px&#8221; use_theme_fonts=&#8221;yes&#8221;][vc_custom_heading text=&#8221;P\u00ebrgatitja e ekipit tuaj mbi ardhjen e koleg\u00ebve t\u00eb rinj&#8221; font_container=&#8221;tag:p|text_align:center|color:%23000000&#8243; use_theme_fonts=&#8221;yes&#8221;][\/vc_column_inner][\/vc_row_inner][\/vc_column][\/vc_row][vc_row type=&#8221;full_width_background&#8221; bg_image=&#8221;2906&#8243; bg_position=&#8221;center center&#8221; overlay=&#8221;true&#8221; overlay_color=&#8221;#87bdde&#8221; top_padding=&#8221;50&#8243; bottom_padding=&#8221;30&#8243;][vc_column][vc_custom_heading text=&#8221;INTEGRIMI I PUNONJ\u00cbSVE T\u00cb RINJ&#8221; font_container=&#8221;tag:h1|text_align:center|color:%23000000&#8243; google_fonts=&#8221;font_family:Montserrat%3Aregular%2C700|font_style:400%20regular%3A400%3Anormal&#8221;][separator width=&#8221;200px&#8221; height=&#8221;1px&#8221; position=&#8221;center&#8221; color=&#8221;#222222&#8243; margin_top=&#8221;20px&#8221; margin_bottom=&#8221;20px&#8221;][vc_column_text css=&#8221;.vc_custom_1631884675334{padding-top: 20px !important;}&#8221;]<\/p>\n<p style=\"text-align: center;\"><span style=\"color: #000000;\">Fokusi yn\u00eb kryesor gjat\u00eb pro\u00e7esit t\u00eb rekrutimit q\u00ebndron tek fakti q\u00eb pun\u00ebtor\u00ebt e rinj t\u00eb jen\u00eb t\u00eb aft\u00eb t\u00eb jen\u00eb<br \/>\nefektiv\u00eb\u2028dhe t\u00eb integrohen n\u00eb m\u00ebnyr\u00eb t\u00eb q\u00ebndrueshme n\u00eb ekipin tuaj. Ju mund t\u00eb p\u00ebrfitoni prej tyre vet\u00ebm n\u00eb afat<br \/>\nt\u00eb gjat\u00eb n\u00ebse punonj\u00ebsit tuaj t\u00eb rinj jan\u00eb t\u00eb integruar mir\u00eb n\u00eb Gjermani, qytetin tuaj dhe spitalin tuaj.<\/span>[\/vc_column_text][vc_custom_heading text=&#8221;Ky sukses \u00ebsht\u00eb i bazuar n\u00eb dy faktor\u00eb:&#8221; font_container=&#8221;tag:h2|text_align:center|color:%23000000&#8243; google_fonts=&#8221;font_family:Montserrat%3Aregular%2C700|font_style:400%20regular%3A400%3Anormal&#8221;][vc_empty_space height=&#8221;30px&#8221;][vc_icon type=&#8221;entypo&#8221; icon_entypo=&#8221;entypo-icon entypo-icon-down&#8221; color=&#8221;custom&#8221; size=&#8221;xl&#8221; align=&#8221;center&#8221; custom_color=&#8221;#000000&#8243;][vc_custom_heading text=&#8221;M\u00ebsimi me sukses i gjuh\u00ebs gjermane&#8221; font_container=&#8221;tag:h2|text_align:center|color:%23000000&#8243; google_fonts=&#8221;font_family:Montserrat%3Aregular%2C700|font_style:400%20regular%3A400%3Anormal&#8221;][vc_empty_space height=&#8221;30px&#8221;][vc_row_inner][vc_column_inner width=&#8221;1\/4&#8243;][services_medium style=&#8221;style_3&#8243; icon=&#8221;steadysets-icon-book2&#8243; icon_color=&#8221;#000000&#8243; circle_color=&#8221;#f8f8f8&#8243; border_color=&#8221;#000000&#8243;]<\/p>\n<p style=\"text-align: center;\">5-6 muaj kurs intensiv t\u00eb gjuh\u00ebs gjermane n\u00eb vendlindje<\/p>\n<p>[\/services_medium][\/vc_column_inner][vc_column_inner width=&#8221;1\/4&#8243;][services_medium style=&#8221;style_3&#8243; icon=&#8221;steadysets-icon-clipboard&#8221; icon_color=&#8221;#000000&#8243; circle_color=&#8221;#f8f8f8&#8243; border_color=&#8221;#000000&#8243;]<\/p>\n<p style=\"text-align: center;\">Pas arritjes s\u00eb nivelit B1 (n\u00eb var\u00ebsi t\u00eb shkoll\u00ebs ku jan\u00eb) p\u00ebrgatitja p\u00ebr fjalorin infermieror n\u00eb gjuh\u00ebn gjermane<\/p>\n<p>[\/services_medium][\/vc_column_inner][vc_column_inner width=&#8221;1\/4&#8243;][services_medium style=&#8221;style_3&#8243; icon=&#8221;steadysets-icon-comment&#8221; icon_color=&#8221;#000000&#8243; circle_color=&#8221;#f8f8f8&#8243; border_color=&#8221;#000000&#8243;]<\/p>\n<p style=\"text-align: center;\">Mbas p\u00ebrfundimit t\u00eb kursit t\u00eb gjuh\u00ebs gjermane, konsolodimi i njohurive n\u00eb praktik\u00eb<\/p>\n<p>[\/services_medium][\/vc_column_inner][vc_column_inner width=&#8221;1\/4&#8243;][services_medium style=&#8221;style_3&#8243; icon=&#8221;steadysets-icon-battery-full&#8221; icon_color=&#8221;#000000&#8243; circle_color=&#8221;#f8f8f8&#8243; border_color=&#8221;#000000&#8243;]<\/p>\n<p style=\"text-align: center;\">Motivim i kandidat\u00ebve tan\u00eb p\u00ebr t\u00eb investuar \u00e7do energji n\u00eb p\u00ebrfundimin me sukses t\u00eb kursit t\u00eb gjuh\u00ebs gjermane<\/p>\n<p>[\/services_medium][\/vc_column_inner][\/vc_row_inner][vc_icon type=&#8221;entypo&#8221; icon_entypo=&#8221;entypo-icon entypo-icon-down&#8221; color=&#8221;custom&#8221; size=&#8221;xl&#8221; align=&#8221;center&#8221; custom_color=&#8221;#000000&#8243;][vc_custom_heading text=&#8221;Mb\u00ebshtetje empatike ve\u00e7an\u00ebrisht n\u00eb vitin e par\u00eb&#8221; font_container=&#8221;tag:h2|text_align:center|color:%23000000&#8243; google_fonts=&#8221;font_family:Montserrat%3Aregular%2C700|font_style:400%20regular%3A400%3Anormal&#8221;][vc_empty_space height=&#8221;30px&#8221;][vc_row_inner][vc_column_inner width=&#8221;1\/6&#8243;][services_medium style=&#8221;style_3&#8243; icon=&#8221;moon-thumbs-up&#8221; icon_color=&#8221;#000000&#8243; circle_color=&#8221;#f8f8f8&#8243; border_color=&#8221;#000000&#8243;]<\/p>\n<p style=\"text-align: center;\">Holalemania si nj\u00eb \u201eTrajner integrimi\u201c<\/p>\n<p>[\/services_medium][\/vc_column_inner][vc_column_inner width=&#8221;1\/6&#8243;][services_medium style=&#8221;style_3&#8243; icon=&#8221;moon-stack&#8221; icon_color=&#8221;#000000&#8243; circle_color=&#8221;#f8f8f8&#8243; border_color=&#8221;#000000&#8243;]<\/p>\n<p style=\"text-align: center;\">Mb\u00ebshtetje dhe shoq\u00ebrim n\u00eb t\u00eb gjitha problemet byrokratike dhe jo byrokratike<\/p>\n<p>[\/services_medium][\/vc_column_inner][vc_column_inner width=&#8221;1\/6&#8243;][services_medium style=&#8221;style_3&#8243; icon=&#8221;steadysets-icon-barbell&#8221; icon_color=&#8221;#000000&#8243; circle_color=&#8221;#f8f8f8&#8243; border_color=&#8221;#000000&#8243;]<\/p>\n<p style=\"text-align: center;\">Drejtim dhe shoq\u00ebrim drejt veprimit n\u00eb pavar\u00ebsi<\/p>\n<p>[\/services_medium][\/vc_column_inner][vc_column_inner width=&#8221;1\/6&#8243;][services_medium style=&#8221;style_3&#8243; icon=&#8221;steadysets-icon-users&#8221; icon_color=&#8221;#000000&#8243; circle_color=&#8221;#f8f8f8&#8243; border_color=&#8221;#000000&#8243;]<\/p>\n<p style=\"text-align: center;\">Vendosja e kultur\u00ebs mir\u00ebseardh\u00ebse n\u00eb ekipin e ri<\/p>\n<p>[\/services_medium][\/vc_column_inner][vc_column_inner width=&#8221;1\/6&#8243;][services_medium style=&#8221;style_3&#8243; icon=&#8221;moon-user-plus-3&#8243; icon_color=&#8221;#000000&#8243; circle_color=&#8221;#f8f8f8&#8243; border_color=&#8221;#000000&#8243;]<\/p>\n<p style=\"text-align: center;\">Udh\u00ebzimi i ekipit gjerman mbi ardhjen e koleg\u00ebve t\u00eb rinj<\/p>\n<p>[\/services_medium][\/vc_column_inner][vc_column_inner width=&#8221;1\/6&#8243;][services_medium style=&#8221;style_3&#8243; icon=&#8221;steadysets-icon-support&#8221; icon_color=&#8221;#000000&#8243; circle_color=&#8221;#f8f8f8&#8243; border_color=&#8221;#000000&#8243;]<\/p>\n<p style=\"text-align: center;\">Mb\u00ebshtetje t\u00eb gjithanshme n\u00eb lidhje me gjuh\u00ebn gjermane, probleme kulturore ose probleme te ndryshme<\/p>\n<p>[\/services_medium][\/vc_column_inner][\/vc_row_inner][\/vc_column][\/vc_row][vc_row type=&#8221;full_width_background&#8221; bg_color=&#8221;#ffffff&#8221;][vc_column width=&#8221;1\/6&#8243;][\/vc_column][vc_column width=&#8221;2\/3&#8243;][vc_custom_heading text=&#8221;INFORMACIONE T\u00cb TJERA T\u00cb R\u00cbND\u00cbSISHME&#8221; font_container=&#8221;tag:h1|text_align:center|color:%23000000&#8243; google_fonts=&#8221;font_family:Montserrat%3Aregular%2C700|font_style:400%20regular%3A400%3Anormal&#8221;][separator width=&#8221;200px&#8221; height=&#8221;1px&#8221; position=&#8221;center&#8221; color=&#8221;#222222&#8243; margin_top=&#8221;20px&#8221; margin_bottom=&#8221;20px&#8221;][vc_column_text css=&#8221;.vc_custom_1631884993758{padding-top: 20px !important;}&#8221;]<\/p>\n<p style=\"text-align: center;\"><span style=\"color: #000000;\">T\u00eb gjith\u00eb kandidat\u00ebt ndjekin nj\u00eb kurs intensiv t\u00eb gjuh\u00ebs gjermane para se t\u00eb shkojn\u00eb n\u00eb Gjermani. Kursi \u00ebsht\u00eb krijuar n\u00eb m\u00ebnyr\u00eb t\u00eb till\u00eb q\u00eb t\u00eb p\u00ebrfundoj\u00eb n\u00eb nivelin B2, pasi kandidat\u00ebt mund t\u00eb fillojn\u00eb si specialist\u00eb t\u00eb plot\u00eb tek ju disa jav\u00eb m\u00eb von\u00eb (pasi t\u00eb jen\u00eb korrigjuar provimet dhe afati zyrtar p\u00ebr njohje). Sipas d\u00ebshir\u00ebs, konstruksione t\u00eb tjera jan\u00eb gjithashtu t\u00eb imagjinueshme, t\u00eb tilla si psh. fillimi i pun\u00ebs pas p\u00ebrfundimit t\u00eb nivelit B1 si asistent infermierie derisa t\u00eb arrihet niveli B2 dhe njohja e tij.<\/span><\/p>\n<p>[\/vc_column_text][\/vc_column][vc_column width=&#8221;1\/6&#8243;][\/vc_column][\/vc_row][vc_row type=&#8221;full_width_background&#8221; bg_color=&#8221;#f2f2f2&#8243;][vc_column width=&#8221;1\/6&#8243;][\/vc_column][vc_column width=&#8221;2\/3&#8243;][vc_custom_heading text=&#8221;MOS NGURRONI T\u00cb NA KONTAKTONI&#8221; font_container=&#8221;tag:h1|text_align:center|color:%23000000&#8243; google_fonts=&#8221;font_family:Montserrat%3Aregular%2C700|font_style:400%20regular%3A400%3Anormal&#8221;][separator width=&#8221;200px&#8221; height=&#8221;1px&#8221; position=&#8221;center&#8221; color=&#8221;#222222&#8243; margin_top=&#8221;20px&#8221; margin_bottom=&#8221;20px&#8221;][vc_column_text css=&#8221;.vc_custom_1631884962517{padding-top: 20px !important;}&#8221;]<\/p>\n<p style=\"text-align: center;\">Ne do t\u00eb ishim t\u00eb lumtur t\u00eb prezantoheshim personalisht.<br \/>\nNe do t\u00eb ishim t\u00eb lumtur t&#8217;ju siguronim personalisht informacione m\u00eb t\u00eb detajuara dhe t\u00eb prezantohemi m\u00eb detajuar p\u00ebr t\u00eb njohur m\u00ebnyr\u00ebn se si ne punojm\u00eb, n\u00eb m\u00ebnyr\u00eb q\u00eb t\u00eb plot\u00ebsojm\u00eb nevojat tuaja sa m\u00eb mir\u00eb q\u00eb t\u00eb jet\u00eb e mundur. Mos ngurroni t\u00eb na kontaktoni sot. Ne mund t\u00eb kemi tashm\u00eb personin (at) e duhur p\u00ebr spitalin tuaj!<\/p>\n<p>[\/vc_column_text][\/vc_column][vc_column width=&#8221;1\/6&#8243;][\/vc_column][\/vc_row][vc_row type=&#8221;full_width_background&#8221; top_padding=&#8221;0&#8243; bottom_padding=&#8221;0&#8243;][vc_column][vc_empty_space height=&#8221;15px&#8221;][\/vc_column][\/vc_row]<\/p>\n<\/div>","protected":false},"excerpt":{"rendered":"<p>[vc_row][vc_column][vc_single_image image=&#8221;7822&#8243; img_size=&#8221;full&#8221; alignment=&#8221;center&#8221; css=&#8221;&#8221;][vc_row_inner][vc_column_inner width=&#8221;1\/4&#8243;][\/vc_column_inner][vc_column_inner width=&#8221;1\/2&#8243; centered_cont=&#8221;true&#8221; centered_cont_vertical=&#8221;true&#8221; background_color=&#8221;#87bdde&#8221; css=&#8221;.vc_custom_1625121449454{border-top-width: 15px !important;border-right-width: 15px !important;border-bottom-width: 15px !important;border-left-width: 15px !important;padding-top: 25px !important;padding-right: 25px !important;padding-bottom: 25px !important;padding-left: 25px !important;background-color: #87bdde !important;border-left-color: #ffffff !important;border-left-style: solid !important;border-right-color: #ffffff !important;border-right-style: solid !important;border-top-color: #ffffff !important;border-top-style: solid !important;border-bottom-color: #ffffff !important;border-bottom-style: solid !important;}&#8221; el_id=&#8221;head-text&#8221;][vc_empty_space height=&#8221;100px&#8221; el_class=&#8221;spaceok&#8221;][vc_custom_heading text=&#8221;INFORMACIONE P\u00cbR SPITALET&#8221; font_container=&#8221;tag:h1|text_align:center|color:%23000000&#8243; google_fonts=&#8221;font_family:Montserrat%3Aregular%2C700|font_style:400%20regular%3A400%3Anormal&#8221;][vc_empty_space height=&#8221;100px&#8221; el_class=&#8221;spaceok&#8221;][\/vc_column_inner][vc_column_inner [&hellip;]<\/p>\n","protected":false},"author":1,"featured_media":6594,"parent":0,"menu_order":0,"comment_status":"closed","ping_status":"closed","template":"","meta":{"_acf_changed":false,"footnotes":""},"class_list":["post-6608","page","type-page","status-publish","has-post-thumbnail","hentry"],"acf":[],"_links":{"self":[{"href":"https:\/\/holalemania.de\/sq\/wp-json\/wp\/v2\/pages\/6608","targetHints":{"allow":["GET"]}}],"collection":[{"href":"https:\/\/holalemania.de\/sq\/wp-json\/wp\/v2\/pages"}],"about":[{"href":"https:\/\/holalemania.de\/sq\/wp-json\/wp\/v2\/types\/page"}],"author":[{"embeddable":true,"href":"https:\/\/holalemania.de\/sq\/wp-json\/wp\/v2\/users\/1"}],"replies":[{"embeddable":true,"href":"https:\/\/holalemania.de\/sq\/wp-json\/wp\/v2\/comments?post=6608"}],"version-history":[{"count":4,"href":"https:\/\/holalemania.de\/sq\/wp-json\/wp\/v2\/pages\/6608\/revisions"}],"predecessor-version":[{"id":7835,"href":"https:\/\/holalemania.de\/sq\/wp-json\/wp\/v2\/pages\/6608\/revisions\/7835"}],"wp:featuredmedia":[{"embeddable":true,"href":"https:\/\/holalemania.de\/sq\/wp-json\/wp\/v2\/media\/6594"}],"wp:attachment":[{"href":"https:\/\/holalemania.de\/sq\/wp-json\/wp\/v2\/media?parent=6608"}],"curies":[{"name":"wp","href":"https:\/\/api.w.org\/{rel}","templated":true}]}}