{"id":6169,"date":"2021-06-28T08:37:08","date_gmt":"2021-06-28T07:37:08","guid":{"rendered":"https:\/\/holalemania.de\/fuer-die-krankenhaeuser-2"},"modified":"2024-09-17T14:25:58","modified_gmt":"2024-09-17T13:25:58","slug":"para-os-hospitais","status":"publish","type":"page","link":"https:\/\/holalemania.de\/pt-pt\/para-os-hospitais\/","title":{"rendered":"Para os hospitais"},"content":{"rendered":"<div class=\"wpb-content-wrapper\"><p>[vc_row][vc_column][vc_single_image image=&#8221;7825&#8243; img_size=&#8221;full&#8221; alignment=&#8221;center&#8221; css=&#8221;&#8221;][vc_row_inner][vc_column_inner width=&#8221;1\/4&#8243;][\/vc_column_inner][vc_column_inner width=&#8221;1\/2&#8243; centered_cont=&#8221;true&#8221; centered_cont_vertical=&#8221;true&#8221; background_color=&#8221;#87bdde&#8221; css=&#8221;.vc_custom_1625121449454{border-top-width: 15px !important;border-right-width: 15px !important;border-bottom-width: 15px !important;border-left-width: 15px !important;padding-top: 25px !important;padding-right: 25px !important;padding-bottom: 25px !important;padding-left: 25px !important;background-color: #87bdde !important;border-left-color: #ffffff !important;border-left-style: solid !important;border-right-color: #ffffff !important;border-right-style: solid !important;border-top-color: #ffffff !important;border-top-style: solid !important;border-bottom-color: #ffffff !important;border-bottom-style: solid !important;}&#8221; el_id=&#8221;head-text&#8221;][vc_empty_space height=&#8221;100px&#8221; el_class=&#8221;spaceok&#8221;][vc_custom_heading text=&#8221;PARA OS HOSPITAIS&#8221; font_container=&#8221;tag:h1|text_align:center|color:%23000000&#8243; google_fonts=&#8221;font_family:Montserrat%3Aregular%2C700|font_style:400%20regular%3A400%3Anormal&#8221;][vc_empty_space height=&#8221;100px&#8221; el_class=&#8221;spaceok&#8221;][\/vc_column_inner][vc_column_inner width=&#8221;1\/4&#8243;][\/vc_column_inner][\/vc_row_inner][\/vc_column][\/vc_row][vc_row type=&#8221;full_width_background&#8221; bg_color=&#8221;#f2f2f2&#8243;][vc_column width=&#8221;1\/6&#8243;][\/vc_column][vc_column width=&#8221;2\/3&#8243;][vc_custom_heading text=&#8221;PORQU\u00ca ENCONTRAR OS CANDIDATOS<br \/>\nMAIS ADEQUADOS \u00c0S SUAS NECESSIDADES<br \/>\nATRAV\u00c9S DA HOLALEMANIA?&#8221; font_container=&#8221;tag:h1|text_align:center|color:%23000000&#8243; google_fonts=&#8221;font_family:Montserrat%3Aregular%2C700|font_style:400%20regular%3A400%3Anormal&#8221;][separator width=&#8221;200px&#8221; height=&#8221;1px&#8221; position=&#8221;center&#8221; color=&#8221;#222222&#8243; margin_top=&#8221;20px&#8221; margin_bottom=&#8221;20px&#8221;][vc_column_text css=&#8221;.vc_custom_1626094069713{padding-top: 20px !important;}&#8221;]<\/p>\n<p style=\"text-align: center;\"><span style=\"color: #000000;\">Na Holalemania procuramos potenciais trabalhadores futuros provenientes de diferentes pa\u00edses (tais como Portugal, It\u00e1lia, Espanha, Cro\u00e1cia ou at\u00e9 M\u00e9xico) com foco na integra\u00e7\u00e3o <b>eficaz<\/b><b>, <\/b><b>produtiva<\/b> <b>e<\/b><b> de <\/b><b>longo<\/b> <b>prazo<\/b>. Com a nossa equipa <b>internacional<\/b> de 15 pessoas, estamos idealmente preparados para assumir este papel e ajudamos <b>pessoalmente<\/b> os seus novos colegas e trabalhadores. Tamb\u00e9m prestamos <b>apoio<\/b> na procura de alojamento, <b>acompanhamos<\/b> os candidatos durante a sua chegada \u00e0 Alemanha e na desloca\u00e7\u00e3o ao seu alojamento, bem como tratamos de todas as quest\u00f5es burocr\u00e1ticas e n\u00e3o burocr\u00e1ticas relacionadas com o in\u00edcio de vida na Alemanha. Al\u00e9m disso, oferecemos tanto aos empregadores como candidatos, apoio durante o <b>primeiro<\/b> <b>ano<\/b> <b>laboral<\/b> para facilitar a sua i<b>ntegra\u00e7\u00e3o<\/b>.<\/span><\/p>\n<p style=\"text-align: center;\"><span style=\"color: #000000;\">Tamb\u00e9m estamos dispon\u00edveis para os seus trabalhadores, preparando-os para a chegada dos futuros colegas, com o objetivo de os sensibilizar para que contribuam ativa e produtivamente na adapta\u00e7\u00e3o e integra\u00e7\u00e3o dos colegas.<\/span><\/p>\n<p>[\/vc_column_text][\/vc_column][vc_column width=&#8221;1\/6&#8243;][\/vc_column][\/vc_row][vc_row type=&#8221;full_width_background&#8221; top_padding=&#8221;0&#8243; bottom_padding=&#8221;0&#8243;][vc_column][vc_empty_space height=&#8221;15px&#8221;][\/vc_column][\/vc_row][vc_row type=&#8221;full_width_background&#8221; bg_image=&#8221;2906&#8243; bg_position=&#8221;center center&#8221; bg_color=&#8221;#f2f2f2&#8243; overlay=&#8221;true&#8221; overlay_color=&#8221;#ecca25&#8243;][vc_column width=&#8221;1\/6&#8243;][\/vc_column][vc_column width=&#8221;2\/3&#8243;][vc_custom_heading text=&#8221;PROCESSO DE RECRUTAMENTO E RECONHECIMENTO&#8221; font_container=&#8221;tag:h1|text_align:center|color:%23000000&#8243; google_fonts=&#8221;font_family:Montserrat%3Aregular%2C700|font_style:400%20regular%3A400%3Anormal&#8221; css=&#8221;&#8221;][separator width=&#8221;200px&#8221; height=&#8221;1px&#8221; position=&#8221;center&#8221; color=&#8221;#222222&#8243; margin_top=&#8221;20px&#8221; margin_bottom=&#8221;20px&#8221;][vc_column_text css=&#8221;.vc_custom_1717409709516{padding-top: 20px !important;}&#8221;]<\/p>\n<p style=\"text-align: center;\"><span style=\"color: #000000;\">O processo de coloca\u00e7\u00e3o dos seus novos empregados est\u00e1 dividido em sete etapas, desde o primeiro contacto connosco at\u00e9 \u00e0 integra\u00e7\u00e3o completa na sua empresa e no novo ambiente:<br \/>\n<\/span><\/p>\n<p>[\/vc_column_text][vc_column_text css=&#8221;&#8221;]<\/p>\n<p style=\"text-align: center;\">Numa primeira sess\u00e3o, analisamos juntos as necessidades e discutimos todo o processo e os seus requisitos.<\/p>\n<p>[\/vc_column_text][vc_icon type=&#8221;entypo&#8221; icon_entypo=&#8221;entypo-icon entypo-icon-down&#8221; color=&#8221;custom&#8221; size=&#8221;xl&#8221; align=&#8221;center&#8221; custom_color=&#8221;#000000&#8243;][vc_column_text css=&#8221;&#8221;]<\/p>\n<p style=\"text-align: center;\">Num processo de pr\u00e9-sele\u00e7\u00e3o, entrevistamos os candidatos, verificamos a sua aptid\u00e3o profissional e pessoal e avaliamos uma poss\u00edvel adequa\u00e7\u00e3o (Match) \u00e0 sua organiza\u00e7\u00e3o.<\/p>\n<p>[\/vc_column_text][vc_icon type=&#8221;entypo&#8221; icon_entypo=&#8221;entypo-icon entypo-icon-down&#8221; color=&#8221;custom&#8221; size=&#8221;xl&#8221; align=&#8221;center&#8221; custom_color=&#8221;#000000&#8243;][vc_column_text css=&#8221;&#8221;]<\/p>\n<p style=\"text-align: center;\">Logo que nos d\u00ea luz verde, marcamos uma entrevista conjunta (normalmente atrav\u00e9s de uma entrevista em v\u00eddeo).<br \/>\nSe ambas as partes estiverem de acordo, ser\u00e1 redigido o contrato de trabalho.<\/p>\n<p>[\/vc_column_text][vc_icon type=&#8221;entypo&#8221; icon_entypo=&#8221;entypo-icon entypo-icon-down&#8221; color=&#8221;custom&#8221; size=&#8221;xl&#8221; align=&#8221;center&#8221; custom_color=&#8221;#000000&#8243;][vc_column_text css=&#8221;&#8221;]<\/p>\n<p style=\"text-align: center;\">De acordo com os conhecimentos de alem\u00e3o do candidato,<br \/>\norganizamos um curso de alem\u00e3o adequado at\u00e9 ao n\u00edvel B2.<\/p>\n<p>[\/vc_column_text][vc_icon type=&#8221;entypo&#8221; icon_entypo=&#8221;entypo-icon entypo-icon-down&#8221; color=&#8221;custom&#8221; size=&#8221;xl&#8221; align=&#8221;center&#8221; custom_color=&#8221;#000000&#8243;][vc_column_text css=&#8221;&#8221;]<\/p>\n<p style=\"text-align: center;\">Tratamos de todas as actividades oficiais para obter o reconhecimento profissional<\/p>\n<p>[\/vc_column_text][vc_icon type=&#8221;entypo&#8221; icon_entypo=&#8221;entypo-icon entypo-icon-down&#8221; color=&#8221;custom&#8221; size=&#8221;xl&#8221; align=&#8221;center&#8221; custom_color=&#8221;#000000&#8243;][vc_column_text css=&#8221;&#8221;]<\/p>\n<p style=\"text-align: center;\">Chegada \u00e0 Alemanha e in\u00edcio do trabalho do seu novo empregado<\/p>\n<p>[\/vc_column_text][vc_icon type=&#8221;entypo&#8221; icon_entypo=&#8221;entypo-icon entypo-icon-down&#8221; color=&#8221;custom&#8221; size=&#8221;xl&#8221; align=&#8221;center&#8221; custom_color=&#8221;#000000&#8243;][vc_column_text css=&#8221;&#8221;]<\/p>\n<p style=\"text-align: center;\">Apoio emp\u00e1tico durante o primeiro ano e prepara\u00e7\u00e3o da equipa para a chegada dos novos colegas, bem como apoio ao reagrupamento familiar<\/p>\n<p>[\/vc_column_text][\/vc_column][vc_column width=&#8221;1\/6&#8243;][\/vc_column][\/vc_row][vc_row equal_height=&#8221;yes&#8221;][vc_column][vc_custom_heading text=&#8221;OS NOSSOS SERVI\u00c7OS&#8221; font_container=&#8221;tag:h1|text_align:center|color:%23000000&#8243; google_fonts=&#8221;font_family:Montserrat%3Aregular%2C700|font_style:400%20regular%3A400%3Anormal&#8221;][separator width=&#8221;200px&#8221; height=&#8221;1px&#8221; position=&#8221;center&#8221; color=&#8221;#222222&#8243; margin_top=&#8221;20px&#8221; margin_bottom=&#8221;40px&#8221;][vc_row_inner][vc_column_inner width=&#8221;1\/6&#8243;][vc_custom_heading text=&#8221;1&#8243; font_container=&#8221;tag:h1|font_size:80px|text_align:center|color:%23000000|line_height:80px&#8221; use_theme_fonts=&#8221;yes&#8221;][vc_custom_heading text=&#8221;Organiza\u00e7\u00e3o e mentaliza\u00e7\u00e3o durante o curso de l\u00ednguas no pa\u00eds de origem&#8221; font_container=&#8221;tag:p|text_align:center|color:%23000000&#8243; use_theme_fonts=&#8221;yes&#8221;][\/vc_column_inner][vc_column_inner width=&#8221;1\/6&#8243;][vc_custom_heading text=&#8221;2&#8243; font_container=&#8221;tag:h1|font_size:80px|text_align:center|color:%23000000|line_height:80px&#8221; use_theme_fonts=&#8221;yes&#8221;][vc_custom_heading text=&#8221;Prepara\u00e7\u00e3o e execu\u00e7\u00e3o de entrevistas presenciais\/online&#8221; font_container=&#8221;tag:p|text_align:center|color:%23000000&#8243; use_theme_fonts=&#8221;yes&#8221;][\/vc_column_inner][vc_column_inner width=&#8221;1\/6&#8243;][vc_custom_heading text=&#8221;3&#8243; font_container=&#8221;tag:h1|font_size:80px|text_align:center|color:%23000000|line_height:80px&#8221; use_theme_fonts=&#8221;yes&#8221;][vc_custom_heading text=&#8221;Apoio na prepara\u00e7\u00e3o e durante a transi\u00e7\u00e3o para a Alemanha&#8221; font_container=&#8221;tag:p|text_align:center|color:%23000000&#8243; use_theme_fonts=&#8221;yes&#8221;][\/vc_column_inner][vc_column_inner width=&#8221;1\/6&#8243;][vc_custom_heading text=&#8221;4&#8243; font_container=&#8221;tag:h1|font_size:80px|text_align:center|color:%23000000|line_height:80px&#8221; use_theme_fonts=&#8221;yes&#8221;][vc_custom_heading text=&#8221;Compromissos oficiais junto das autoridades competentes para obten\u00e7\u00e3o do reconhecimento profissional&#8221; font_container=&#8221;tag:p|text_align:center|color:%23000000&#8243; use_theme_fonts=&#8221;yes&#8221;][\/vc_column_inner][vc_column_inner width=&#8221;1\/6&#8243;][vc_custom_heading text=&#8221;5&#8243; font_container=&#8221;tag:h1|font_size:80px|text_align:center|color:%23000000|line_height:80px&#8221; use_theme_fonts=&#8221;yes&#8221;][vc_custom_heading text=&#8221;Apoio com todas as quest\u00f5es relacionadas com a integra\u00e7\u00e3o e adapta\u00e7\u00e3o&#8221; font_container=&#8221;tag:p|text_align:center|color:%23000000&#8243; use_theme_fonts=&#8221;yes&#8221;][\/vc_column_inner][vc_column_inner width=&#8221;1\/6&#8243;][vc_custom_heading text=&#8221;6&#8243; font_container=&#8221;tag:h1|font_size:80px|text_align:center|color:%23000000|line_height:80px&#8221; use_theme_fonts=&#8221;yes&#8221;][vc_custom_heading text=&#8221;Prepara\u00e7\u00e3o de equipas para a chegada dos novos colegas&#8221; font_container=&#8221;tag:p|text_align:center|color:%23000000&#8243; use_theme_fonts=&#8221;yes&#8221;][\/vc_column_inner][\/vc_row_inner][\/vc_column][\/vc_row][vc_row type=&#8221;full_width_background&#8221; bg_image=&#8221;2906&#8243; bg_position=&#8221;center center&#8221; overlay=&#8221;true&#8221; overlay_color=&#8221;#87bdde&#8221; top_padding=&#8221;50&#8243; bottom_padding=&#8221;30&#8243;][vc_column][vc_custom_heading text=&#8221;INTEGRA\u00c7\u00c3O DOS NOVOS TRABALHADORES&#8221; font_container=&#8221;tag:h1|text_align:center|color:%23000000&#8243; google_fonts=&#8221;font_family:Montserrat%3Aregular%2C700|font_style:400%20regular%3A400%3Anormal&#8221;][separator width=&#8221;200px&#8221; height=&#8221;1px&#8221; position=&#8221;center&#8221; color=&#8221;#222222&#8243; margin_top=&#8221;20px&#8221; margin_bottom=&#8221;20px&#8221;][vc_column_text css=&#8221;.vc_custom_1626094573792{padding-top: 20px !important;}&#8221;]<\/p>\n<p style=\"text-align: center;\"><span style=\"color: #000000;\">O nosso principal objetivo durante o recrutamento \u00e9 garantir que os novos profissionais sejam integrados<br \/>\nde forma eficaz e sustent\u00e1vel na sua equipa. Apenas uma integra\u00e7\u00e3o bem sucedida na Alemanha, incluindo<br \/>\ncidade e local de alojamento, possibilita um benef\u00edcio a longo prazo para ambas as partes.<\/span><\/p>\n<p>[\/vc_column_text][vc_custom_heading text=&#8221;Este sucesso baseia-se principalmente em dois pilares:&#8221; font_container=&#8221;tag:h2|text_align:center|color:%23000000&#8243; google_fonts=&#8221;font_family:Montserrat%3Aregular%2C700|font_style:400%20regular%3A400%3Anormal&#8221;][vc_empty_space height=&#8221;30px&#8221;][vc_icon type=&#8221;entypo&#8221; icon_entypo=&#8221;entypo-icon entypo-icon-down&#8221; color=&#8221;custom&#8221; size=&#8221;xl&#8221; align=&#8221;center&#8221; custom_color=&#8221;#000000&#8243;][vc_custom_heading text=&#8221;Aprendizagem da l\u00edngua bem sucedida&#8221; font_container=&#8221;tag:h2|text_align:center|color:%23000000&#8243; google_fonts=&#8221;font_family:Montserrat%3Aregular%2C700|font_style:400%20regular%3A400%3Anormal&#8221;][vc_empty_space height=&#8221;30px&#8221;][vc_row_inner][vc_column_inner width=&#8221;1\/4&#8243;][services_medium style=&#8221;style_3&#8243; icon=&#8221;steadysets-icon-book2&#8243; icon_color=&#8221;#000000&#8243; circle_color=&#8221;#f8f8f8&#8243; border_color=&#8221;#000000&#8243;]<\/p>\n<p style=\"text-align: center;\">5 a 6 meses de curso intensivo de alem\u00e3o no pa\u00eds de origem<\/p>\n<p>[\/services_medium][\/vc_column_inner][vc_column_inner width=&#8221;1\/4&#8243;][services_medium style=&#8221;style_3&#8243; icon=&#8221;steadysets-icon-clipboard&#8221; icon_color=&#8221;#000000&#8243; circle_color=&#8221;#f8f8f8&#8243; border_color=&#8221;#000000&#8243;]<\/p>\n<p style=\"text-align: center;\">Ap\u00f3s o n\u00edvel B1 (dependendo da escola de l\u00ednguas) prepara\u00e7\u00e3o para o terminologia de enfermagem<\/p>\n<p>[\/services_medium][\/vc_column_inner][vc_column_inner width=&#8221;1\/4&#8243;][services_medium style=&#8221;style_3&#8243; icon=&#8221;steadysets-icon-comment&#8221; icon_color=&#8221;#000000&#8243; circle_color=&#8221;#f8f8f8&#8243; border_color=&#8221;#000000&#8243;]<\/p>\n<p style=\"text-align: center;\">Ap\u00f3s o final do curso, consolida\u00e7\u00e3o da l\u00edngua na pr\u00e1tica<\/p>\n<p>[\/services_medium][\/vc_column_inner][vc_column_inner width=&#8221;1\/4&#8243;][services_medium style=&#8221;style_3&#8243; icon=&#8221;steadysets-icon-battery-full&#8221; icon_color=&#8221;#000000&#8243; circle_color=&#8221;#f8f8f8&#8243; border_color=&#8221;#000000&#8243;]<\/p>\n<p style=\"text-align: center;\">Encorajar os nossos candidatos a colocar o m\u00e1ximo de energia poss\u00edvel no curso de alem\u00e3o<\/p>\n<p>[\/services_medium][\/vc_column_inner][\/vc_row_inner][vc_icon type=&#8221;entypo&#8221; icon_entypo=&#8221;entypo-icon entypo-icon-down&#8221; color=&#8221;custom&#8221; size=&#8221;xl&#8221; align=&#8221;center&#8221; custom_color=&#8221;#000000&#8243;][vc_custom_heading text=&#8221;Apoio pr\u00f3ximo em especial durante o 1\u00ba ano&#8221; font_container=&#8221;tag:h2|text_align:center|color:%23000000&#8243; google_fonts=&#8221;font_family:Montserrat%3Aregular%2C700|font_style:400%20regular%3A400%3Anormal&#8221;][vc_empty_space height=&#8221;30px&#8221;][vc_row_inner][vc_column_inner width=&#8221;1\/6&#8243;][services_medium style=&#8221;style_3&#8243; icon=&#8221;moon-thumbs-up&#8221; icon_color=&#8221;#000000&#8243; circle_color=&#8221;#f8f8f8&#8243; border_color=&#8221;#000000&#8243;]<\/p>\n<p style=\"text-align: center;\">Holalemania como \u201eorientador de integra\u00e7\u00e3o\u201c<\/p>\n<p>[\/services_medium][\/vc_column_inner][vc_column_inner width=&#8221;1\/6&#8243;][services_medium style=&#8221;style_3&#8243; icon=&#8221;moon-stack&#8221; icon_color=&#8221;#000000&#8243; circle_color=&#8221;#f8f8f8&#8243; border_color=&#8221;#000000&#8243;]<\/p>\n<p style=\"text-align: center;\">Suporte com todas as quest\u00f5es burocr\u00e1ticas e n\u00e3o burocr\u00e1ticas<\/p>\n<p>[\/services_medium][\/vc_column_inner][vc_column_inner width=&#8221;1\/6&#8243;][services_medium style=&#8221;style_3&#8243; icon=&#8221;steadysets-icon-barbell&#8221; icon_color=&#8221;#000000&#8243; circle_color=&#8221;#f8f8f8&#8243; border_color=&#8221;#000000&#8243;]<\/p>\n<p style=\"text-align: center;\">Orienta\u00e7\u00e3o e apoio para desenvolvimento de independ\u00eancia a longo prazo<\/p>\n<p>[\/services_medium][\/vc_column_inner][vc_column_inner width=&#8221;1\/6&#8243;][services_medium style=&#8221;style_3&#8243; icon=&#8221;steadysets-icon-users&#8221; icon_color=&#8221;#000000&#8243; circle_color=&#8221;#f8f8f8&#8243; border_color=&#8221;#000000&#8243;]<\/p>\n<p style=\"text-align: center;\">Desenvolver uma atitude de boas-vindas adequada da equipa<\/p>\n<p>[\/services_medium][\/vc_column_inner][vc_column_inner width=&#8221;1\/6&#8243;][services_medium style=&#8221;style_3&#8243; icon=&#8221;moon-user-plus-3&#8243; icon_color=&#8221;#000000&#8243; circle_color=&#8221;#f8f8f8&#8243; border_color=&#8221;#000000&#8243;]<\/p>\n<p style=\"text-align: center;\">Orienta\u00e7\u00e3o da equipa alem\u00e3 relativa \u00e0 chegada dos novos colegas<\/p>\n<p>[\/services_medium][\/vc_column_inner][vc_column_inner width=&#8221;1\/6&#8243;][services_medium style=&#8221;style_3&#8243; icon=&#8221;steadysets-icon-support&#8221; icon_color=&#8221;#000000&#8243; circle_color=&#8221;#f8f8f8&#8243; border_color=&#8221;#000000&#8243;]<\/p>\n<p style=\"text-align: center;\">Oferta de apoio em caso de problemas gerais, lingu\u00edsticos e\/ou culturais<\/p>\n<p>[\/services_medium][\/vc_column_inner][\/vc_row_inner][\/vc_column][\/vc_row][vc_row type=&#8221;full_width_background&#8221; bg_color=&#8221;#ffffff&#8221;][vc_column width=&#8221;1\/6&#8243;][\/vc_column][vc_column width=&#8221;2\/3&#8243;][vc_custom_heading text=&#8221;INFORMA\u00c7\u00c3O SOBRE RECONHECIMENTO PROFISSIONAL&#8221; font_container=&#8221;tag:h1|text_align:center|color:%23000000&#8243; google_fonts=&#8221;font_family:Montserrat%3Aregular%2C700|font_style:400%20regular%3A400%3Anormal&#8221;][separator width=&#8221;200px&#8221; height=&#8221;1px&#8221; position=&#8221;center&#8221; color=&#8221;#222222&#8243; margin_top=&#8221;20px&#8221; margin_bottom=&#8221;20px&#8221;][vc_column_text css=&#8221;.vc_custom_1626094825390{padding-top: 20px !important;}&#8221;]<\/p>\n<p style=\"text-align: center;\"><span style=\"color: #000000;\">Todos os candidatos frequentam um curso intensivo de l\u00edngua alem\u00e3 antes da chegada \u00e0 Alemanha. O curso ser\u00e1 realizado at\u00e9 ao n\u00edvel B2 com o intuito dos candidatos obterem o estatuto profissional de pleno direito o mais rapidamente poss\u00edvel (ap\u00f3s a correc\u00e7\u00e3o dos exames e o tempo necess\u00e1rio pela autoridade alem\u00e3 de reconhecimento). Tamb\u00e9m \u00e9 poss\u00edvel planear de acordo com a sua prefer\u00eancia, como por exemplo iniciar a atividade laboral, ap\u00f3s o n\u00edvel B1 de alem\u00e3o, como assistente de enfermagem at\u00e9 atingir o n\u00edvel B2 de alem\u00e3o para que o reconhecimento seja concebido.<\/span><\/p>\n<p>[\/vc_column_text][\/vc_column][vc_column width=&#8221;1\/6&#8243;][\/vc_column][\/vc_row][vc_row type=&#8221;full_width_background&#8221; bg_color=&#8221;#f2f2f2&#8243;][vc_column width=&#8221;1\/6&#8243;][\/vc_column][vc_column width=&#8221;2\/3&#8243;][vc_custom_heading text=&#8221;SINTA-SE \u00c0 VONTADE PARA NOS CONTACTAR\/<br \/>\nGOSTAR\u00cdAMOS DE O CONHECER MELHOR&#8221; font_container=&#8221;tag:h1|text_align:center|color:%23000000&#8243; google_fonts=&#8221;font_family:Montserrat%3Aregular%2C700|font_style:400%20regular%3A400%3Anormal&#8221;][separator width=&#8221;200px&#8221; height=&#8221;1px&#8221; position=&#8221;center&#8221; color=&#8221;#222222&#8243; margin_top=&#8221;20px&#8221; margin_bottom=&#8221;20px&#8221;][vc_column_text css=&#8221;.vc_custom_1626094852925{padding-top: 20px !important;}&#8221;]<\/p>\n<p style=\"text-align: center;\"><span style=\"color: #000000;\">Gostar\u00edamos de lhe apresentar informa\u00e7\u00f5es mais detalhadas sobre o foco do nosso trabalho e igualmente saber como melhor satisfazer as suas necessidades e\/ou prefer\u00eancias. Podemos j\u00e1 ter a(s) pessoa(s) indicada(s) para si!<\/span><\/p>\n<p style=\"text-align: center;\"><span style=\"color: #000000;\">\u00a0<\/span><\/p>\n<p>[\/vc_column_text][\/vc_column][vc_column width=&#8221;1\/6&#8243;][\/vc_column][\/vc_row][vc_row type=&#8221;full_width_background&#8221; top_padding=&#8221;0&#8243; bottom_padding=&#8221;0&#8243;][vc_column][vc_empty_space height=&#8221;15px&#8221;][\/vc_column][\/vc_row]<\/p>\n<\/div>","protected":false},"excerpt":{"rendered":"<p>[vc_row][vc_column][vc_single_image image=&#8221;7825&#8243; img_size=&#8221;full&#8221; alignment=&#8221;center&#8221; css=&#8221;&#8221;][vc_row_inner][vc_column_inner width=&#8221;1\/4&#8243;][\/vc_column_inner][vc_column_inner width=&#8221;1\/2&#8243; centered_cont=&#8221;true&#8221; centered_cont_vertical=&#8221;true&#8221; background_color=&#8221;#87bdde&#8221; css=&#8221;.vc_custom_1625121449454{border-top-width: 15px !important;border-right-width: 15px !important;border-bottom-width: 15px !important;border-left-width: 15px !important;padding-top: 25px !important;padding-right: 25px !important;padding-bottom: 25px !important;padding-left: 25px !important;background-color: #87bdde !important;border-left-color: #ffffff !important;border-left-style: solid !important;border-right-color: #ffffff !important;border-right-style: solid !important;border-top-color: #ffffff !important;border-top-style: solid !important;border-bottom-color: #ffffff !important;border-bottom-style: solid !important;}&#8221; el_id=&#8221;head-text&#8221;][vc_empty_space height=&#8221;100px&#8221; el_class=&#8221;spaceok&#8221;][vc_custom_heading text=&#8221;PARA OS HOSPITAIS&#8221; font_container=&#8221;tag:h1|text_align:center|color:%23000000&#8243; google_fonts=&#8221;font_family:Montserrat%3Aregular%2C700|font_style:400%20regular%3A400%3Anormal&#8221;][vc_empty_space height=&#8221;100px&#8221; el_class=&#8221;spaceok&#8221;][\/vc_column_inner][vc_column_inner [&hellip;]<\/p>\n","protected":false},"author":1,"featured_media":5813,"parent":0,"menu_order":0,"comment_status":"closed","ping_status":"closed","template":"","meta":{"_acf_changed":false,"footnotes":""},"class_list":["post-6169","page","type-page","status-publish","has-post-thumbnail","hentry"],"acf":[],"_links":{"self":[{"href":"https:\/\/holalemania.de\/pt-pt\/wp-json\/wp\/v2\/pages\/6169","targetHints":{"allow":["GET"]}}],"collection":[{"href":"https:\/\/holalemania.de\/pt-pt\/wp-json\/wp\/v2\/pages"}],"about":[{"href":"https:\/\/holalemania.de\/pt-pt\/wp-json\/wp\/v2\/types\/page"}],"author":[{"embeddable":true,"href":"https:\/\/holalemania.de\/pt-pt\/wp-json\/wp\/v2\/users\/1"}],"replies":[{"embeddable":true,"href":"https:\/\/holalemania.de\/pt-pt\/wp-json\/wp\/v2\/comments?post=6169"}],"version-history":[{"count":6,"href":"https:\/\/holalemania.de\/pt-pt\/wp-json\/wp\/v2\/pages\/6169\/revisions"}],"predecessor-version":[{"id":7838,"href":"https:\/\/holalemania.de\/pt-pt\/wp-json\/wp\/v2\/pages\/6169\/revisions\/7838"}],"wp:featuredmedia":[{"embeddable":true,"href":"https:\/\/holalemania.de\/pt-pt\/wp-json\/wp\/v2\/media\/5813"}],"wp:attachment":[{"href":"https:\/\/holalemania.de\/pt-pt\/wp-json\/wp\/v2\/media?parent=6169"}],"curies":[{"name":"wp","href":"https:\/\/api.w.org\/{rel}","templated":true}]}}