{"id":6155,"date":"2021-06-09T17:50:03","date_gmt":"2021-06-09T16:50:03","guid":{"rendered":"https:\/\/holalemania.de\/demo"},"modified":"2026-04-21T06:24:08","modified_gmt":"2026-04-21T05:24:08","slug":"home","status":"publish","type":"page","link":"https:\/\/holalemania.de\/pt-pt\/","title":{"rendered":"Home"},"content":{"rendered":"<div class=\"wpb-content-wrapper\"><p>[vc_row][vc_column][vc_single_image image=&#8221;5813&#8243; img_size=&#8221;full&#8221; alignment=&#8221;center&#8221;][vc_row_inner][vc_column_inner width=&#8221;1\/4&#8243; css=&#8221;.vc_custom_1724676534006{background-color: rgba(0,0,0,0.01) !important;*background-color: rgb(0,0,0) !important;}&#8221;][vc_single_image image=&#8221;7799&#8243; img_size=&#8221;full&#8221; alignment=&#8221;center&#8221; onclick=&#8221;custom_link&#8221; img_link_target=&#8221;_blank&#8221; css=&#8221;&#8221; link=&#8221;https:\/\/www.faire-anwerbung-pflege-deutschland.de\/&#8221; el_class=&#8221;ral&#8221;][\/vc_column_inner][vc_column_inner width=&#8221;1\/2&#8243; centered_cont=&#8221;true&#8221; centered_cont_vertical=&#8221;true&#8221; background_color=&#8221;#87bdde&#8221; css=&#8221;.vc_custom_1625046403886{border-top-width: 15px !important;border-right-width: 15px !important;border-bottom-width: 15px !important;border-left-width: 15px !important;padding-top: 25px !important;padding-bottom: 25px !important;background-color: #87bdde !important;border-left-color: #ffffff !important;border-left-style: solid !important;border-right-color: #ffffff !important;border-right-style: solid !important;border-top-color: #ffffff !important;border-top-style: solid !important;border-bottom-color: #ffffff !important;border-bottom-style: solid !important;}&#8221; el_id=&#8221;head-text&#8221;][vc_custom_heading text=&#8221;ENFERMEIROS PARA<br \/>\nHOSPITAIS ALEM\u00c3ES&#8221; font_container=&#8221;tag:h1|text_align:center|color:%23000000&#8243; google_fonts=&#8221;font_family:Montserrat%3Aregular%2C700|font_style:400%20regular%3A400%3Anormal&#8221;][vc_empty_space height=&#8221;20px&#8221;][vc_column_text css=&#8221;.vc_custom_1626337995220{padding-top: 20px !important;}&#8221;]<\/p>\n<p style=\"text-align: center;\"><span style=\"color: #000000;\">Veja as oportunidades de emprego em Enfermagem e envie-nos a sua candidatura. Estaremos \u00e0 disposi\u00e7\u00e3o para esclarecer todas as suas quest\u00f5es, entre em contato.<\/span><\/p>\n<p>[\/vc_column_text][vc_btn title=&#8221;Fale connosco ou fa\u00e7a j\u00e1 a sua candidatura!&#8221; style=&#8221;custom&#8221; custom_background=&#8221;#ecca25&#8243; custom_text=&#8221;#000000&#8243; shape=&#8221;square&#8221; align=&#8221;center&#8221; link=&#8221;url:https%3A%2F%2Fholalemania.de%2Fpt-pt%2Fcandidatura|title:Candidatura&#8221;][\/vc_column_inner][vc_column_inner width=&#8221;1\/4&#8243;][vc_single_image image=&#8221;7870&#8243; img_size=&#8221;full&#8221; alignment=&#8221;center&#8221; onclick=&#8221;custom_link&#8221; img_link_target=&#8221;_blank&#8221; css=&#8221;.vc_custom_1729166660177{padding-top: 40px !important;}&#8221; link=&#8221;https:\/\/www.faire-anwerbung-pflege-deutschland.de\/&#8221; el_id=&#8221;ral&#8221;][\/vc_column_inner][\/vc_row_inner][\/vc_column][\/vc_row][vc_row type=&#8221;full_width_background&#8221; bg_color=&#8221;#f2f2f2&#8243;][vc_column width=&#8221;1\/4&#8243;][\/vc_column][vc_column width=&#8221;1\/2&#8243;][vc_custom_heading text=&#8221;OPORTUNIDADES PARA ENFERMEIROS<br \/>\nEM HOSPITAIS ALEM\u00c3ES&#8221; font_container=&#8221;tag:h1|text_align:center|color:%23000000&#8243; google_fonts=&#8221;font_family:Montserrat%3Aregular%2C700|font_style:400%20regular%3A400%3Anormal&#8221;][separator width=&#8221;200px&#8221; height=&#8221;1px&#8221; position=&#8221;center&#8221; color=&#8221;#222222&#8243; margin_top=&#8221;20px&#8221; margin_bottom=&#8221;20px&#8221;][vc_column_text css=&#8221;.vc_custom_1626090794869{padding-top: 20px !important;}&#8221;]<\/p>\n<p style=\"text-align: center;\">Bem-vindo \u00e0 p\u00e1gina da Holalemania!<br \/>\nEstamos ao servi\u00e7o dos hospitais alem\u00e3es com necessidade de enfermeiros. E claro, prestamos apoio aos enfermeiros interessados em ter uma experi\u00eancia de trabalho na Alemanha.<\/p>\n<p>[\/vc_column_text][\/vc_column][vc_column width=&#8221;1\/4&#8243;][\/vc_column][\/vc_row][vc_row][vc_column width=&#8221;1\/4&#8243;][\/vc_column][vc_column width=&#8221;1\/2&#8243;][vc_column_text]<\/p>\n<p style=\"text-align: center;\"><span style=\"color: #000000;\">N\u00f3s, a Holalemania, somos uma equipa internacional com sede em Hamburgo. O foco do nosso trabalho \u00e9 a coloca\u00e7\u00e3o eficaz, produtiva e a longo prazo baseada no apoio pr\u00f3ximo aos enfermeiros e hospitais bem como nos v\u00e1rios anos de experi\u00eancia. Acompanhamos os candidatos desde a procura da entidade empregadora desejada incluindo as fases posteriores de transi\u00e7\u00e3o e integra\u00e7\u00e3o na Alemanha. Oferecemos conselhos pr\u00e1ticos, apoio emocional e estamos sempre ao seu lado para qualquer tipo de problema ou quest\u00e3o.<\/span><\/p>\n<p>[\/vc_column_text][\/vc_column][vc_column width=&#8221;1\/4&#8243;][\/vc_column][\/vc_row][vc_row][vc_column width=&#8221;1\/6&#8243;][\/vc_column][vc_column width=&#8221;1\/3&#8243;][vc_icon icon_fontawesome=&#8221;fas fa-stethoscope&#8221; color=&#8221;custom&#8221; size=&#8221;xl&#8221; align=&#8221;center&#8221; custom_color=&#8221;#87bdde&#8221;][vc_custom_heading text=&#8221;PARA OS CANDIDATOS&#8221; font_container=&#8221;tag:h1|text_align:center|color:%23000000&#8243; google_fonts=&#8221;font_family:Montserrat%3Aregular%2C700|font_style:400%20regular%3A400%3Anormal&#8221;][separator width=&#8221;100px&#8221; height=&#8221;1px&#8221; position=&#8221;center&#8221; color=&#8221;#222222&#8243; margin_top=&#8221;20px&#8221; margin_bottom=&#8221;20px&#8221;][vc_column_text css=&#8221;.vc_custom_1626090837905{padding-top: 20px !important;}&#8221;]<\/p>\n<p style=\"text-align: center;\"><span style=\"color: #000000;\">Gra\u00e7as \u00e0 nossa equipa, ter\u00e1 a garantia de uma assist\u00eancia constante, desde o reconhecimento do diploma, \u00e0 procura de alojamento na Alemanha, curso de l\u00edngua alem\u00e3 e muito mais.<\/span><\/p>\n<p>[\/vc_column_text][vc_btn title=&#8221;A nossa assist\u00eancia&#8221; style=&#8221;custom&#8221; custom_background=&#8221;#87bdde&#8221; custom_text=&#8221;#000000&#8243; shape=&#8221;square&#8221; size=&#8221;lg&#8221; align=&#8221;center&#8221; link=&#8221;url:https%3A%2F%2Fholalemania.de%2Fpt-pt%2Fporque-trabalhar-na-alemanha-com-o-apoio-da-holalemania|title:Porqu%C3%AA%20trabalhar%20na%20Alemanha%20com%20o%20apoio%20da%20Holalemania%3F&#8221;][vc_empty_space height=&#8221;20px&#8221;][\/vc_column][vc_column width=&#8221;1\/3&#8243;][vc_icon icon_fontawesome=&#8221;far fa-hospital&#8221; color=&#8221;custom&#8221; size=&#8221;xl&#8221; align=&#8221;center&#8221; custom_color=&#8221;#87bdde&#8221;][vc_custom_heading text=&#8221;PARA OS HOSPITAIS&#8221; font_container=&#8221;tag:h1|text_align:center|color:%23000000&#8243; google_fonts=&#8221;font_family:Montserrat%3Aregular%2C700|font_style:400%20regular%3A400%3Anormal&#8221;][separator width=&#8221;100px&#8221; height=&#8221;1px&#8221; position=&#8221;center&#8221; color=&#8221;#222222&#8243; margin_top=&#8221;20px&#8221; margin_bottom=&#8221;20px&#8221;][vc_column_text]<\/p>\n<p style=\"text-align: center;\"><span style=\"color: #000000;\">Selecionamos trabalhadores profissionais de Portugal e outros pa\u00edses, focando<br \/>\na integra\u00e7\u00e3o e assist\u00eancia eficazes, produtivas e de longo prazo.<\/span><\/p>\n<p>[\/vc_column_text][vc_btn title=&#8221;Os nossos servi\u00e7os&#8221; style=&#8221;custom&#8221; custom_background=&#8221;#87bdde&#8221; custom_text=&#8221;#000000&#8243; shape=&#8221;square&#8221; size=&#8221;lg&#8221; align=&#8221;center&#8221; link=&#8221;url:https%3A%2F%2Fholalemania.de%2Fpt-pt%2Fpara-os-hospitais|title:Para%20os%20hospitais&#8221;][\/vc_column][vc_column width=&#8221;1\/6&#8243;][\/vc_column][\/vc_row][vc_row type=&#8221;full_width_background&#8221; bg_image=&#8221;2906&#8243; bg_position=&#8221;center center&#8221; overlay=&#8221;true&#8221; overlay_color=&#8221;#ecca25&#8243; top_padding=&#8221;150&#8243; bottom_padding=&#8221;150&#8243;][vc_column width=&#8221;1\/4&#8243;][vc_custom_heading text=&#8221;35&#8243; font_container=&#8221;tag:h1|font_size:80px|text_align:center|color:%23000000|line_height:80px&#8221; use_theme_fonts=&#8221;yes&#8221;][vc_custom_heading text=&#8221;TOTALIDADE DE<br \/>\nNACIONALIDADES DOS<br \/>\nNOSSOS CANDIDATOS&#8221; font_container=&#8221;tag:p|text_align:center|color:%23000000&#8243; use_theme_fonts=&#8221;yes&#8221;][\/vc_column][vc_column width=&#8221;1\/4&#8243;][vc_custom_heading text=&#8221;921&#8243; font_container=&#8221;tag:h1|font_size:80px|text_align:center|color:%23000000|line_height:80px&#8221; use_theme_fonts=&#8221;yes&#8221; css=&#8221;&#8221;][vc_custom_heading text=&#8221;ENFERMEIROS<br \/>\nE PARTEIRAS J\u00c1<br \/>\nCOLOCADOS&#8221; font_container=&#8221;tag:p|text_align:center|color:%23000000&#8243; use_theme_fonts=&#8221;yes&#8221;][\/vc_column][vc_column width=&#8221;1\/4&#8243;][vc_custom_heading text=&#8221;13&#8243; font_container=&#8221;tag:h1|font_size:80px|text_align:center|color:%23000000|line_height:80px&#8221; use_theme_fonts=&#8221;yes&#8221; css=&#8221;&#8221;][vc_custom_heading text=&#8221;ANOS<br \/>\nDE<br \/>\nEXPERI\u00caNCIA&#8221; font_container=&#8221;tag:p|text_align:center|color:%23000000&#8243; use_theme_fonts=&#8221;yes&#8221;][\/vc_column][vc_column width=&#8221;1\/4&#8243;][vc_custom_heading text=&#8221;62&#8243; font_container=&#8221;tag:h1|font_size:80px|text_align:center|color:%23000000|line_height:80px&#8221; use_theme_fonts=&#8221;yes&#8221; css=&#8221;&#8221;][vc_custom_heading text=&#8221;HOSPITAIS COM<br \/>\nOS QUAIS<br \/>\nTRABALHAMOS&#8221; font_container=&#8221;tag:p|text_align:center|color:%23000000&#8243; use_theme_fonts=&#8221;yes&#8221;][\/vc_column][\/vc_row][vc_row][vc_column][vc_single_image image=&#8221;8046&#8243; img_size=&#8221;full&#8221; alignment=&#8221;center&#8221; css=&#8221;&#8221;][vc_row_inner][vc_column_inner width=&#8221;1\/4&#8243;][\/vc_column_inner][vc_column_inner width=&#8221;1\/2&#8243; centered_cont=&#8221;true&#8221; centered_cont_vertical=&#8221;true&#8221; background_color=&#8221;#87bdde&#8221; css=&#8221;.vc_custom_1623256425913{border-top-width: 15px !important;border-right-width: 15px !important;border-bottom-width: 15px !important;border-left-width: 15px !important;background-color: #87bdde !important;border-left-color: #ffffff !important;border-left-style: solid !important;border-right-color: #ffffff !important;border-right-style: solid !important;border-top-color: #ffffff !important;border-top-style: solid !important;border-bottom-color: #ffffff !important;border-bottom-style: solid !important;}&#8221; el_id=&#8221;head-text-2&#8243;][vc_custom_heading text=&#8221;A EQUIPA&#8221; font_container=&#8221;tag:h1|text_align:center|color:%23000000&#8243; google_fonts=&#8221;font_family:Montserrat%3Aregular%2C700|font_style:400%20regular%3A400%3Anormal&#8221;][vc_empty_space height=&#8221;20px&#8221;][vc_column_text css=&#8221;.vc_custom_1626091078636{padding-top: 20px !important;}&#8221;]<\/p>\n<p style=\"text-align: center;\"><span style=\"color: #000000;\">A Holalemania presta apoio em todas as etapas da candidatura, tanto numa fase inicial no pa\u00eds de origem, por exemplo na procura de uma escola de l\u00ednguas adequada, como posteriormente na adapta\u00e7\u00e3o \u00e0 Alemanha. O nosso ponto forte \u00e9 a versatilidade da nossa equipa internacional.<br \/>\n<\/span><\/p>\n<p>[\/vc_column_text][vc_btn title=&#8221;Conhe\u00e7a-nos melhor&#8221; style=&#8221;custom&#8221; custom_background=&#8221;#ecca25&#8243; custom_text=&#8221;#000000&#8243; shape=&#8221;square&#8221; align=&#8221;center&#8221; link=&#8221;url:https%3A%2F%2Fholalemania.de%2Fpt-pt%2Fsobre-nos|title:Sobre%20n%C3%B3s&#8221;][vc_empty_space height=&#8221;20px&#8221;][\/vc_column_inner][vc_column_inner width=&#8221;1\/4&#8243;][\/vc_column_inner][\/vc_row_inner][\/vc_column][\/vc_row][vc_row type=&#8221;full_width_background&#8221; bg_image=&#8221;2906&#8243; bg_position=&#8221;center center&#8221; overlay=&#8221;true&#8221; overlay_color=&#8221;#87bdde&#8221; top_padding=&#8221;50&#8243; bottom_padding=&#8221;0&#8243; class=&#8221;blog&#8221;][vc_column width=&#8221;1\/12&#8243;][\/vc_column][vc_column width=&#8221;10\/12&#8243;][vc_custom_heading text=&#8221;\u00daLTIMAS NOT\u00cdCIAS DO NOSSO BLOG&#8221; font_container=&#8221;tag:h1|text_align:center|color:%23000000&#8243; google_fonts=&#8221;font_family:Montserrat%3Aregular%2C700|font_style:400%20regular%3A400%3Anormal&#8221;][separator width=&#8221;200px&#8221; height=&#8221;1px&#8221; position=&#8221;center&#8221; color=&#8221;#222222&#8243; margin_top=&#8221;20px&#8221; margin_bottom=&#8221;20px&#8221;][vc_basic_grid post_type=&#8221;post&#8221; max_items=&#8221;3&#8243; gap=&#8221;35&#8243; item=&#8221;5446&#8243; initial_loading_animation=&#8221;none&#8221; grid_id=&#8221;vc_gid:1776749029480-26b85079-b91f-6&#8243; el_class=&#8221;blog&#8221;][\/vc_column][vc_column width=&#8221;1\/12&#8243;][\/vc_column][\/vc_row]<\/p>\n<\/div>","protected":false},"excerpt":{"rendered":"<p>[vc_row][vc_column][vc_single_image image=&#8221;5813&#8243; img_size=&#8221;full&#8221; alignment=&#8221;center&#8221;][vc_row_inner][vc_column_inner width=&#8221;1\/4&#8243; css=&#8221;.vc_custom_1724676534006{background-color: rgba(0,0,0,0.01) !important;*background-color: rgb(0,0,0) !important;}&#8221;][vc_single_image image=&#8221;7799&#8243; img_size=&#8221;full&#8221; alignment=&#8221;center&#8221; onclick=&#8221;custom_link&#8221; img_link_target=&#8221;_blank&#8221; css=&#8221;&#8221; link=&#8221;https:\/\/www.faire-anwerbung-pflege-deutschland.de\/&#8221; el_class=&#8221;ral&#8221;][\/vc_column_inner][vc_column_inner width=&#8221;1\/2&#8243; centered_cont=&#8221;true&#8221; centered_cont_vertical=&#8221;true&#8221; background_color=&#8221;#87bdde&#8221; css=&#8221;.vc_custom_1625046403886{border-top-width: 15px !important;border-right-width: 15px !important;border-bottom-width: 15px !important;border-left-width: 15px !important;padding-top: 25px !important;padding-bottom: 25px !important;background-color: #87bdde !important;border-left-color: #ffffff !important;border-left-style: solid !important;border-right-color: #ffffff !important;border-right-style: solid !important;border-top-color: #ffffff !important;border-top-style: solid !important;border-bottom-color: #ffffff !important;border-bottom-style: solid !important;}&#8221; el_id=&#8221;head-text&#8221;][vc_custom_heading text=&#8221;ENFERMEIROS [&hellip;]<\/p>\n","protected":false},"author":1,"featured_media":5704,"parent":0,"menu_order":0,"comment_status":"closed","ping_status":"closed","template":"","meta":{"_acf_changed":false,"footnotes":""},"class_list":["post-6155","page","type-page","status-publish","has-post-thumbnail","hentry"],"acf":[],"_links":{"self":[{"href":"https:\/\/holalemania.de\/pt-pt\/wp-json\/wp\/v2\/pages\/6155","targetHints":{"allow":["GET"]}}],"collection":[{"href":"https:\/\/holalemania.de\/pt-pt\/wp-json\/wp\/v2\/pages"}],"about":[{"href":"https:\/\/holalemania.de\/pt-pt\/wp-json\/wp\/v2\/types\/page"}],"author":[{"embeddable":true,"href":"https:\/\/holalemania.de\/pt-pt\/wp-json\/wp\/v2\/users\/1"}],"replies":[{"embeddable":true,"href":"https:\/\/holalemania.de\/pt-pt\/wp-json\/wp\/v2\/comments?post=6155"}],"version-history":[{"count":11,"href":"https:\/\/holalemania.de\/pt-pt\/wp-json\/wp\/v2\/pages\/6155\/revisions"}],"predecessor-version":[{"id":8387,"href":"https:\/\/holalemania.de\/pt-pt\/wp-json\/wp\/v2\/pages\/6155\/revisions\/8387"}],"wp:featuredmedia":[{"embeddable":true,"href":"https:\/\/holalemania.de\/pt-pt\/wp-json\/wp\/v2\/media\/5704"}],"wp:attachment":[{"href":"https:\/\/holalemania.de\/pt-pt\/wp-json\/wp\/v2\/media?parent=6155"}],"curies":[{"name":"wp","href":"https:\/\/api.w.org\/{rel}","templated":true}]}}