{"id":6145,"date":"2021-06-28T09:45:43","date_gmt":"2021-06-28T08:45:43","guid":{"rendered":"https:\/\/holalemania.de\/blog-2"},"modified":"2024-09-17T14:27:26","modified_gmt":"2024-09-17T13:27:26","slug":"blog","status":"publish","type":"page","link":"https:\/\/holalemania.de\/pt-pt\/blog\/","title":{"rendered":"Blog"},"content":{"rendered":"<div class=\"wpb-content-wrapper\"><p>[vc_row][vc_column][vc_single_image image=&#8221;7825&#8243; img_size=&#8221;full&#8221; alignment=&#8221;center&#8221; css=&#8221;&#8221;][vc_row_inner][vc_column_inner width=&#8221;1\/4&#8243;][\/vc_column_inner][vc_column_inner width=&#8221;1\/2&#8243; centered_cont=&#8221;true&#8221; centered_cont_vertical=&#8221;true&#8221; background_color=&#8221;#87bdde&#8221; css=&#8221;.vc_custom_1625122106650{border-top-width: 15px !important;border-right-width: 15px !important;border-bottom-width: 15px !important;border-left-width: 15px !important;padding-top: 25px !important;padding-right: 25px !important;padding-bottom: 25px !important;padding-left: 25px !important;background-color: #87bdde !important;border-left-color: #ffffff !important;border-left-style: solid !important;border-right-color: #ffffff !important;border-right-style: solid !important;border-top-color: #ffffff !important;border-top-style: solid !important;border-bottom-color: #ffffff !important;border-bottom-style: solid !important;}&#8221; el_id=&#8221;head-text&#8221;][vc_empty_space height=&#8221;30px&#8221;][vc_custom_heading text=&#8221;BLOG&#8221; font_container=&#8221;tag:h1|text_align:center|color:%23000000&#8243; google_fonts=&#8221;font_family:Montserrat%3Aregular%2C700|font_style:400%20regular%3A400%3Anormal&#8221;][vc_empty_space height=&#8221;20px&#8221;][vc_column_text]<\/p>\n<p style=\"text-align: center;\"><span style=\"color: #000000;\">Consulte informa\u00e7\u00f5es sobre t\u00f3picos atuais e not\u00edcias<br \/>\nbem como oportunidades de emprego.<\/span><\/p>\n<p>[\/vc_column_text][vc_empty_space height=&#8221;30px&#8221;][\/vc_column_inner][vc_column_inner width=&#8221;1\/4&#8243;][\/vc_column_inner][\/vc_row_inner][\/vc_column][\/vc_row][vc_row type=&#8221;full_width_background&#8221; bg_color=&#8221;#ffffff&#8221;][vc_column][vc_basic_grid post_type=&#8221;post&#8221; max_items=&#8221;-1&#8243; gap=&#8221;35&#8243; item=&#8221;5446&#8243; grid_id=&#8221;vc_gid:1726579442486-1e59a4e8-3732-1&#8243;][\/vc_column][\/vc_row]<\/p>\n<\/div>","protected":false},"excerpt":{"rendered":"<p>[vc_row][vc_column][vc_single_image image=&#8221;7825&#8243; img_size=&#8221;full&#8221; alignment=&#8221;center&#8221; css=&#8221;&#8221;][vc_row_inner][vc_column_inner width=&#8221;1\/4&#8243;][\/vc_column_inner][vc_column_inner width=&#8221;1\/2&#8243; centered_cont=&#8221;true&#8221; centered_cont_vertical=&#8221;true&#8221; background_color=&#8221;#87bdde&#8221; css=&#8221;.vc_custom_1625122106650{border-top-width: 15px !important;border-right-width: 15px !important;border-bottom-width: 15px !important;border-left-width: 15px !important;padding-top: 25px !important;padding-right: 25px !important;padding-bottom: 25px !important;padding-left: 25px !important;background-color: #87bdde !important;border-left-color: #ffffff !important;border-left-style: solid !important;border-right-color: #ffffff !important;border-right-style: solid !important;border-top-color: #ffffff !important;border-top-style: solid !important;border-bottom-color: #ffffff !important;border-bottom-style: solid !important;}&#8221; el_id=&#8221;head-text&#8221;][vc_empty_space height=&#8221;30px&#8221;][vc_custom_heading text=&#8221;BLOG&#8221; font_container=&#8221;tag:h1|text_align:center|color:%23000000&#8243; google_fonts=&#8221;font_family:Montserrat%3Aregular%2C700|font_style:400%20regular%3A400%3Anormal&#8221;][vc_empty_space height=&#8221;20px&#8221;][vc_column_text] Consulte informa\u00e7\u00f5es sobre t\u00f3picos [&hellip;]<\/p>\n","protected":false},"author":1,"featured_media":5822,"parent":0,"menu_order":0,"comment_status":"closed","ping_status":"closed","template":"","meta":{"_acf_changed":false,"footnotes":""},"class_list":["post-6145","page","type-page","status-publish","has-post-thumbnail","hentry"],"acf":[],"_links":{"self":[{"href":"https:\/\/holalemania.de\/pt-pt\/wp-json\/wp\/v2\/pages\/6145","targetHints":{"allow":["GET"]}}],"collection":[{"href":"https:\/\/holalemania.de\/pt-pt\/wp-json\/wp\/v2\/pages"}],"about":[{"href":"https:\/\/holalemania.de\/pt-pt\/wp-json\/wp\/v2\/types\/page"}],"author":[{"embeddable":true,"href":"https:\/\/holalemania.de\/pt-pt\/wp-json\/wp\/v2\/users\/1"}],"replies":[{"embeddable":true,"href":"https:\/\/holalemania.de\/pt-pt\/wp-json\/wp\/v2\/comments?post=6145"}],"version-history":[{"count":8,"href":"https:\/\/holalemania.de\/pt-pt\/wp-json\/wp\/v2\/pages\/6145\/revisions"}],"predecessor-version":[{"id":7844,"href":"https:\/\/holalemania.de\/pt-pt\/wp-json\/wp\/v2\/pages\/6145\/revisions\/7844"}],"wp:featuredmedia":[{"embeddable":true,"href":"https:\/\/holalemania.de\/pt-pt\/wp-json\/wp\/v2\/media\/5822"}],"wp:attachment":[{"href":"https:\/\/holalemania.de\/pt-pt\/wp-json\/wp\/v2\/media?parent=6145"}],"curies":[{"name":"wp","href":"https:\/\/api.w.org\/{rel}","templated":true}]}}