{"id":6029,"date":"2021-06-09T17:50:03","date_gmt":"2021-06-09T16:50:03","guid":{"rendered":"https:\/\/holalemania.de\/demo"},"modified":"2026-02-26T15:39:32","modified_gmt":"2026-02-26T14:39:32","slug":"home","status":"publish","type":"page","link":"https:\/\/holalemania.de\/it\/","title":{"rendered":"Home"},"content":{"rendered":"<div class=\"wpb-content-wrapper\"><p>[vc_row][vc_column][vc_single_image image=&#8221;5812&#8243; img_size=&#8221;full&#8221; alignment=&#8221;center&#8221;][vc_row_inner][vc_column_inner width=&#8221;1\/4&#8243; css=&#8221;.vc_custom_1724676534006{background-color: rgba(0,0,0,0.01) !important;*background-color: rgb(0,0,0) !important;}&#8221;][vc_single_image image=&#8221;7798&#8243; img_size=&#8221;full&#8221; alignment=&#8221;center&#8221; onclick=&#8221;custom_link&#8221; img_link_target=&#8221;_blank&#8221; css=&#8221;&#8221; link=&#8221;https:\/\/www.faire-anwerbung-pflege-deutschland.de\/&#8221; el_class=&#8221;ral&#8221;][\/vc_column_inner][vc_column_inner width=&#8221;1\/2&#8243; centered_cont=&#8221;true&#8221; centered_cont_vertical=&#8221;true&#8221; background_color=&#8221;#87bdde&#8221; css=&#8221;.vc_custom_1625046403886{border-top-width: 15px !important;border-right-width: 15px !important;border-bottom-width: 15px !important;border-left-width: 15px !important;padding-top: 25px !important;padding-bottom: 25px !important;background-color: #87bdde !important;border-left-color: #ffffff !important;border-left-style: solid !important;border-right-color: #ffffff !important;border-right-style: solid !important;border-top-color: #ffffff !important;border-top-style: solid !important;border-bottom-color: #ffffff !important;border-bottom-style: solid !important;}&#8221; el_id=&#8221;head-text&#8221;][vc_custom_heading text=&#8221;LAVORARE COME INFERMIERE\/A<br \/>\nE OSTETRICA\/O IN GERMANIA&#8221; font_container=&#8221;tag:h1|text_align:center|color:%23000000&#8243; google_fonts=&#8221;font_family:Montserrat%3Aregular%2C700|font_style:400%20regular%3A400%3Anormal&#8221;][vc_empty_space height=&#8221;20px&#8221;][vc_column_text css=&#8221;.vc_custom_1625577531480{padding-top: 20px !important;}&#8221;]<\/p>\n<p style=\"text-align: center;\"><span style=\"color: #000000;\">Dai un&#8217;occhiata alla nostra vasta gamma di opportunit\u00e0 di lavoro come Infermiere\/a o Ostetrica\/o \u00a0e inviaci \u00a0il tuo CV.<br \/>\nTi contatteremo il prima possibile per organizzare un primo colloquio.<\/span><\/p>\n<p>[\/vc_column_text][vc_btn title=&#8221;Candidati ora!&#8221; style=&#8221;custom&#8221; custom_background=&#8221;#ecca25&#8243; custom_text=&#8221;#000000&#8243; shape=&#8221;square&#8221; align=&#8221;center&#8221; link=&#8221;url:https%3A%2F%2Fholalemania.de%2Fit%2Fcandidatura|title:Candidatura&#8221;][\/vc_column_inner][vc_column_inner width=&#8221;1\/4&#8243;][vc_single_image image=&#8221;7869&#8243; img_size=&#8221;full&#8221; alignment=&#8221;center&#8221; onclick=&#8221;custom_link&#8221; img_link_target=&#8221;_blank&#8221; css=&#8221;.vc_custom_1729166654212{padding-top: 40px !important;}&#8221; link=&#8221;https:\/\/www.faire-anwerbung-pflege-deutschland.de\/&#8221; el_id=&#8221;ral&#8221;][\/vc_column_inner][\/vc_row_inner][\/vc_column][\/vc_row][vc_row type=&#8221;full_width_background&#8221; bg_color=&#8221;#f2f2f2&#8243;][vc_column width=&#8221;1\/4&#8243;][\/vc_column][vc_column width=&#8221;1\/2&#8243;][vc_custom_heading text=&#8221;INFERMIERE\/I O OSTETRICHE DALL\u00b4EUROPA O DA ALTRI PAESI PER OSPEDALI TEDESCHI&#8221; font_container=&#8221;tag:h1|text_align:center|color:%23000000&#8243; google_fonts=&#8221;font_family:Montserrat%3Aregular%2C700|font_style:400%20regular%3A400%3Anormal&#8221;][separator width=&#8221;200px&#8221; height=&#8221;1px&#8221; position=&#8221;center&#8221; color=&#8221;#222222&#8243; margin_top=&#8221;20px&#8221; margin_bottom=&#8221;20px&#8221;][vc_column_text css=&#8221;.vc_custom_1625577600709{padding-top: 20px !important;}&#8221;]<\/p>\n<p style=\"text-align: center;\">Benvenuti sul sito di Holalemania!<br \/>\nCi rivolgiamo a tutti gli ospedali in Germania che hanno bisogno di personale infermieristico o ostetrico. E naturalmente ci rivolgiamo anche a infermiere\/i e ostetriche che stanno pensando di venire in Germania per esercitare la loro professione.<\/p>\n<p>[\/vc_column_text][\/vc_column][vc_column width=&#8221;1\/4&#8243;][\/vc_column][\/vc_row][vc_row][vc_column width=&#8221;1\/4&#8243;][\/vc_column][vc_column width=&#8221;1\/2&#8243;][vc_column_text]<\/p>\n<p style=\"text-align: center;\"><span style=\"color: #000000;\">Noi di Holalemania siamo un team internazionale con sede ad Amburgo: il fulcro del nostro lavoro \u00e8 il collocamento efficace, produttivo e a lungo termine. Ci distinguiamo per la vicinanza, la vicinanza speciale ai nostri candidati e clienti e l&#8217;esperienza pluriennale. Accompagniamo i nostri candidati e clienti dal loro arrivo fino a ben dopo che hanno iniziato a lavorare in Germania (per almeno un anno). Offriamo aiuto pratico, sostegno emotivo e siamo disponibili per qualsiasi tipo di problema o domanda.<\/span><\/p>\n<p>[\/vc_column_text][\/vc_column][vc_column width=&#8221;1\/4&#8243;][\/vc_column][\/vc_row][vc_row][vc_column width=&#8221;1\/6&#8243;][\/vc_column][vc_column width=&#8221;1\/3&#8243;][vc_icon icon_fontawesome=&#8221;fas fa-stethoscope&#8221; color=&#8221;custom&#8221; size=&#8221;xl&#8221; align=&#8221;center&#8221; custom_color=&#8221;#87bdde&#8221;][vc_custom_heading text=&#8221;PER I CANDIDATI&#8221; font_container=&#8221;tag:h1|text_align:center|color:%23000000&#8243; google_fonts=&#8221;font_family:Montserrat%3Aregular%2C700|font_style:400%20regular%3A400%3Anormal&#8221;][separator width=&#8221;100px&#8221; height=&#8221;1px&#8221; position=&#8221;center&#8221; color=&#8221;#222222&#8243; margin_top=&#8221;20px&#8221; margin_bottom=&#8221;20px&#8221;][vc_column_text css=&#8221;.vc_custom_1625577798962{padding-top: 20px !important;}&#8221;]<\/p>\n<p style=\"text-align: center;\"><span style=\"color: #000000;\">Con il supporto del nostro team,<br \/>\navrai qualcuno al tuo fianco in tutte le aree della tua vita: dal riconoscimento della tua professione alla ricerca di un posto dove vivere in Germania e molte altre questioni.<br \/>\n<\/span><\/p>\n<p>[\/vc_column_text][vc_btn title=&#8221;Cosa offriamo&#8221; style=&#8221;custom&#8221; custom_background=&#8221;#87bdde&#8221; custom_text=&#8221;#000000&#8243; shape=&#8221;square&#8221; size=&#8221;lg&#8221; align=&#8221;center&#8221; link=&#8221;url:https%3A%2F%2Fholalemania.de%2Fit%2Fperche-trasferirsi-in-germania-con-holalemania|title:Perch%C3%A9%20trasferirsi%20in%20Germania%20con%20Holalemania&#8221;][vc_empty_space height=&#8221;20px&#8221;][\/vc_column][vc_column width=&#8221;1\/3&#8243;][vc_icon icon_fontawesome=&#8221;far fa-hospital&#8221; color=&#8221;custom&#8221; size=&#8221;xl&#8221; align=&#8221;center&#8221; custom_color=&#8221;#87bdde&#8221;][vc_custom_heading text=&#8221;PER GLI OSPEDALI&#8221; font_container=&#8221;tag:h1|text_align:center|color:%23000000&#8243; google_fonts=&#8221;font_family:Montserrat%3Aregular%2C700|font_style:400%20regular%3A400%3Anormal&#8221;][separator width=&#8221;100px&#8221; height=&#8221;1px&#8221; position=&#8221;center&#8221; color=&#8221;#222222&#8243; margin_top=&#8221;20px&#8221; margin_bottom=&#8221;20px&#8221;][vc_column_text]<\/p>\n<p style=\"text-align: center;\"><span style=\"color: #000000;\">Selezioniamo per voi lavoratori qualificati da molti paesi europei (tra cui Italia, Spagna, Portogallo) e non solo. Inoltre, forniamo un supporto continuo per entrambe le parti nell&#8217;integrazione in Germania, nella nuova citt\u00e0 e nella vostra casa.<\/span><\/p>\n<p>[\/vc_column_text][vc_btn title=&#8221;I nostri servizi&#8221; style=&#8221;custom&#8221; custom_background=&#8221;#87bdde&#8221; custom_text=&#8221;#000000&#8243; shape=&#8221;square&#8221; size=&#8221;lg&#8221; align=&#8221;center&#8221; link=&#8221;url:https%3A%2F%2Fholalemania.de%2Fit%2Fper-gli-ospedali|title:Per%20gli%20ospedali&#8221;][\/vc_column][vc_column width=&#8221;1\/6&#8243;][\/vc_column][\/vc_row][vc_row type=&#8221;full_width_background&#8221; bg_image=&#8221;2906&#8243; bg_position=&#8221;center center&#8221; overlay=&#8221;true&#8221; overlay_color=&#8221;#ecca25&#8243; top_padding=&#8221;150&#8243; bottom_padding=&#8221;150&#8243;][vc_column width=&#8221;1\/4&#8243;][vc_custom_heading text=&#8221;35&#8243; font_container=&#8221;tag:h1|font_size:80px|text_align:center|color:%23000000|line_height:80px&#8221; use_theme_fonts=&#8221;yes&#8221;][vc_custom_heading text=&#8221;TUTTE LE DIVERSE<br \/>\nNAZIONALIT\u00c0 DEI<br \/>\nNOSTRI CANDIDATI&#8221; font_container=&#8221;tag:p|text_align:center|color:%23000000&#8243; use_theme_fonts=&#8221;yes&#8221;][\/vc_column][vc_column width=&#8221;1\/4&#8243;][vc_custom_heading text=&#8221;919&#8243; font_container=&#8221;tag:h1|font_size:80px|text_align:center|color:%23000000|line_height:80px&#8221; use_theme_fonts=&#8221;yes&#8221; css=&#8221;&#8221;][vc_custom_heading text=&#8221;OSTETRICHE E INFERMIERE<br \/>\nCHE ABBIAMO AIUTATO<br \/>\nA VENIRE IN GERMANIA&#8221; font_container=&#8221;tag:p|text_align:center|color:%23000000&#8243; use_theme_fonts=&#8221;yes&#8221;][\/vc_column][vc_column width=&#8221;1\/4&#8243;][vc_custom_heading text=&#8221;11&#8243; font_container=&#8221;tag:h1|font_size:80px|text_align:center|color:%23000000|line_height:80px&#8221; use_theme_fonts=&#8221;yes&#8221; css=&#8221;&#8221;][vc_custom_heading text=&#8221;I NOSTRI ANNI DI<br \/>\nESPERIENZA NEL CAMPO<br \/>\nDEL COLLOCAMENTO&#8221; font_container=&#8221;tag:p|text_align:center|color:%23000000&#8243; use_theme_fonts=&#8221;yes&#8221;][\/vc_column][vc_column width=&#8221;1\/4&#8243;][vc_custom_heading text=&#8221;62&#8243; font_container=&#8221;tag:h1|font_size:80px|text_align:center|color:%23000000|line_height:80px&#8221; use_theme_fonts=&#8221;yes&#8221; css=&#8221;&#8221;][vc_custom_heading text=&#8221;OSPEDALI<br \/>\nCON CUI<br \/>\nCOLLABORIAMO&#8221; font_container=&#8221;tag:p|text_align:center|color:%23000000&#8243; use_theme_fonts=&#8221;yes&#8221;][\/vc_column][\/vc_row][vc_row][vc_column][vc_single_image image=&#8221;8045&#8243; img_size=&#8221;full&#8221; alignment=&#8221;center&#8221; css=&#8221;&#8221;][vc_row_inner][vc_column_inner width=&#8221;1\/4&#8243;][\/vc_column_inner][vc_column_inner width=&#8221;1\/2&#8243; centered_cont=&#8221;true&#8221; centered_cont_vertical=&#8221;true&#8221; background_color=&#8221;#87bdde&#8221; css=&#8221;.vc_custom_1623256425913{border-top-width: 15px !important;border-right-width: 15px !important;border-bottom-width: 15px !important;border-left-width: 15px !important;background-color: #87bdde !important;border-left-color: #ffffff !important;border-left-style: solid !important;border-right-color: #ffffff !important;border-right-style: solid !important;border-top-color: #ffffff !important;border-top-style: solid !important;border-bottom-color: #ffffff !important;border-bottom-style: solid !important;}&#8221; el_id=&#8221;head-text-2&#8243;][vc_custom_heading text=&#8221;LA SQUADRA&#8221; font_container=&#8221;tag:h1|text_align:center|color:%23000000&#8243; google_fonts=&#8221;font_family:Montserrat%3Aregular%2C700|font_style:400%20regular%3A400%3Anormal&#8221;][vc_empty_space height=&#8221;20px&#8221;][vc_column_text css=&#8221;.vc_custom_1625577959558{padding-top: 20px !important;}&#8221;]<\/p>\n<p style=\"text-align: center;\"><span style=\"color: #000000;\">Il team di Holalemania supporta i suoi candidati in ogni fase del processo di collocamento, sia nel loro paese d&#8217;origine, ad esempio nella ricerca di una scuola di lingua adatta, sia in Germania. La nostra forza \u00e8 la nostra versatilit\u00e0 e internazionalit\u00e0.<\/span><\/p>\n<p>[\/vc_column_text][vc_btn title=&#8221;Conoscici meglio&#8221; style=&#8221;custom&#8221; custom_background=&#8221;#ecca25&#8243; custom_text=&#8221;#000000&#8243; shape=&#8221;square&#8221; align=&#8221;center&#8221; link=&#8221;url:https%3A%2F%2Fholalemania.de%2Fit%2Fchi-siamo|title:Chi%20siamo&#8221;][vc_empty_space height=&#8221;20px&#8221;][\/vc_column_inner][vc_column_inner width=&#8221;1\/4&#8243;][\/vc_column_inner][\/vc_row_inner][\/vc_column][\/vc_row][vc_row type=&#8221;full_width_background&#8221; bg_image=&#8221;2906&#8243; bg_position=&#8221;center center&#8221; overlay=&#8221;true&#8221; overlay_color=&#8221;#87bdde&#8221; top_padding=&#8221;50&#8243; bottom_padding=&#8221;0&#8243; class=&#8221;blog&#8221;][vc_column width=&#8221;1\/12&#8243;][\/vc_column][vc_column width=&#8221;10\/12&#8243;][vc_custom_heading text=&#8221;I NOSTRI ULTIMI ARTICOLI&#8221; font_container=&#8221;tag:h1|text_align:center|color:%23000000&#8243; google_fonts=&#8221;font_family:Montserrat%3Aregular%2C700|font_style:400%20regular%3A400%3Anormal&#8221;][separator width=&#8221;200px&#8221; height=&#8221;1px&#8221; position=&#8221;center&#8221; color=&#8221;#222222&#8243; margin_top=&#8221;20px&#8221; margin_bottom=&#8221;20px&#8221;][vc_basic_grid post_type=&#8221;post&#8221; max_items=&#8221;3&#8243; gap=&#8221;35&#8243; item=&#8221;5446&#8243; initial_loading_animation=&#8221;none&#8221; grid_id=&#8221;vc_gid:1772116757750-296b3865-6916-1&#8243; el_class=&#8221;blog&#8221;][\/vc_column][vc_column width=&#8221;1\/12&#8243;][\/vc_column][\/vc_row]<\/p>\n<\/div>","protected":false},"excerpt":{"rendered":"<p>[vc_row][vc_column][vc_single_image image=&#8221;5812&#8243; img_size=&#8221;full&#8221; alignment=&#8221;center&#8221;][vc_row_inner][vc_column_inner width=&#8221;1\/4&#8243; css=&#8221;.vc_custom_1724676534006{background-color: rgba(0,0,0,0.01) !important;*background-color: rgb(0,0,0) !important;}&#8221;][vc_single_image image=&#8221;7798&#8243; img_size=&#8221;full&#8221; alignment=&#8221;center&#8221; onclick=&#8221;custom_link&#8221; img_link_target=&#8221;_blank&#8221; css=&#8221;&#8221; link=&#8221;https:\/\/www.faire-anwerbung-pflege-deutschland.de\/&#8221; el_class=&#8221;ral&#8221;][\/vc_column_inner][vc_column_inner width=&#8221;1\/2&#8243; centered_cont=&#8221;true&#8221; centered_cont_vertical=&#8221;true&#8221; background_color=&#8221;#87bdde&#8221; css=&#8221;.vc_custom_1625046403886{border-top-width: 15px !important;border-right-width: 15px !important;border-bottom-width: 15px !important;border-left-width: 15px !important;padding-top: 25px !important;padding-bottom: 25px !important;background-color: #87bdde !important;border-left-color: #ffffff !important;border-left-style: solid !important;border-right-color: #ffffff !important;border-right-style: solid !important;border-top-color: #ffffff !important;border-top-style: solid !important;border-bottom-color: #ffffff !important;border-bottom-style: solid !important;}&#8221; el_id=&#8221;head-text&#8221;][vc_custom_heading text=&#8221;LAVORARE [&hellip;]<\/p>\n","protected":false},"author":1,"featured_media":5703,"parent":0,"menu_order":0,"comment_status":"closed","ping_status":"closed","template":"","meta":{"_acf_changed":false,"footnotes":""},"class_list":["post-6029","page","type-page","status-publish","has-post-thumbnail","hentry"],"acf":[],"_links":{"self":[{"href":"https:\/\/holalemania.de\/it\/wp-json\/wp\/v2\/pages\/6029","targetHints":{"allow":["GET"]}}],"collection":[{"href":"https:\/\/holalemania.de\/it\/wp-json\/wp\/v2\/pages"}],"about":[{"href":"https:\/\/holalemania.de\/it\/wp-json\/wp\/v2\/types\/page"}],"author":[{"embeddable":true,"href":"https:\/\/holalemania.de\/it\/wp-json\/wp\/v2\/users\/1"}],"replies":[{"embeddable":true,"href":"https:\/\/holalemania.de\/it\/wp-json\/wp\/v2\/comments?post=6029"}],"version-history":[{"count":11,"href":"https:\/\/holalemania.de\/it\/wp-json\/wp\/v2\/pages\/6029\/revisions"}],"predecessor-version":[{"id":8284,"href":"https:\/\/holalemania.de\/it\/wp-json\/wp\/v2\/pages\/6029\/revisions\/8284"}],"wp:featuredmedia":[{"embeddable":true,"href":"https:\/\/holalemania.de\/it\/wp-json\/wp\/v2\/media\/5703"}],"wp:attachment":[{"href":"https:\/\/holalemania.de\/it\/wp-json\/wp\/v2\/media?parent=6029"}],"curies":[{"name":"wp","href":"https:\/\/api.w.org\/{rel}","templated":true}]}}