{"id":6194,"date":"2021-06-28T08:37:08","date_gmt":"2021-06-28T07:37:08","guid":{"rendered":"https:\/\/holalemania.de\/fuer-die-krankenhaeuser-2"},"modified":"2024-09-17T14:26:32","modified_gmt":"2024-09-17T13:26:32","slug":"para-los-hospitales","status":"publish","type":"page","link":"https:\/\/holalemania.de\/es\/para-los-hospitales\/","title":{"rendered":"Para los hospitales"},"content":{"rendered":"<div class=\"wpb-content-wrapper\"><p>[vc_row][vc_column][vc_single_image image=&#8221;7826&#8243; img_size=&#8221;full&#8221; alignment=&#8221;center&#8221; css=&#8221;&#8221;][vc_row_inner][vc_column_inner width=&#8221;1\/4&#8243;][\/vc_column_inner][vc_column_inner width=&#8221;1\/2&#8243; centered_cont=&#8221;true&#8221; centered_cont_vertical=&#8221;true&#8221; background_color=&#8221;#87bdde&#8221; css=&#8221;.vc_custom_1625121449454{border-top-width: 15px !important;border-right-width: 15px !important;border-bottom-width: 15px !important;border-left-width: 15px !important;padding-top: 25px !important;padding-right: 25px !important;padding-bottom: 25px !important;padding-left: 25px !important;background-color: #87bdde !important;border-left-color: #ffffff !important;border-left-style: solid !important;border-right-color: #ffffff !important;border-right-style: solid !important;border-top-color: #ffffff !important;border-top-style: solid !important;border-bottom-color: #ffffff !important;border-bottom-style: solid !important;}&#8221; el_id=&#8221;head-text&#8221;][vc_empty_space height=&#8221;100px&#8221; el_class=&#8221;spaceok&#8221;][vc_custom_heading text=&#8221;PARA LOS HOSPITALES&#8221; font_container=&#8221;tag:h1|text_align:center|color:%23000000&#8243; google_fonts=&#8221;font_family:Montserrat%3Aregular%2C700|font_style:400%20regular%3A400%3Anormal&#8221;][vc_empty_space height=&#8221;100px&#8221; el_class=&#8221;spaceok&#8221;][\/vc_column_inner][vc_column_inner width=&#8221;1\/4&#8243;][\/vc_column_inner][\/vc_row_inner][\/vc_column][\/vc_row][vc_row type=&#8221;full_width_background&#8221; bg_color=&#8221;#f2f2f2&#8243;][vc_column width=&#8221;1\/6&#8243;][\/vc_column][vc_column width=&#8221;2\/3&#8243;][vc_custom_heading text=&#8221;\u00bfPOR QU\u00c9 BUSCAR CANDIDATOS ADECUADOS<br \/>\nPARA SU HOSPITAL CON HOLALEMANIA?&#8221; font_container=&#8221;tag:h1|text_align:center|color:%23000000&#8243; google_fonts=&#8221;font_family:Montserrat%3Aregular%2C700|font_style:400%20regular%3A400%3Anormal&#8221;][separator width=&#8221;200px&#8221; height=&#8221;1px&#8221; position=&#8221;center&#8221; color=&#8221;#222222&#8243; margin_top=&#8221;20px&#8221; margin_bottom=&#8221;20px&#8221;][vc_column_text css=&#8221;.vc_custom_1626098329839{padding-top: 20px !important;}&#8221;]<\/p>\n<p style=\"text-align: center;\"><span style=\"color: #000000;\">En Holalemania buscamos para usted optimos empleados de diferentes pa\u00edses (como Italia, Espa\u00f1a, Portugal, Croacia, M\u00e9xico <u>entre <\/u><u>otros<\/u>) con un fuerte enfoque en una mediaci\u00f3n efectiva, productiva y a largo plazo. Nuestro equipo internacional de 15 personas est\u00e1 perfectamente preparado para esta funci\u00f3n. Nos ocuparemos personalmente de sus nuevos colegas y empleados. Ayudamos con la b\u00fasqueda de alojamiento, acompa\u00f1amos a los candidatos durante su llegada a Alemania y el inicio en su nuevo hogar. Nos encargamos de todas las cuestiones burocr\u00e1ticas y no burocr\u00e1ticas que se tienen a la llegada a Alemania. Adem\u00e1s de esto, ofrecemos a los candidatos y a usted un soporte de integraci\u00f3n durante el primer a\u00f1o laboral para facilitar al m\u00e1ximo el comienzo aqui de sus futuros empleados.<\/span><\/p>\n<p style=\"text-align: center;\"><span style=\"color: #000000;\">Estamos siempre disponibles para sus empleados y prepar\u00e1mos a los colegas alemanes para la llegada de los nuevos colegas internacionales, de modo que puedan tener una buena y adecuada interacci\u00f3n; y para que tomen ellos mismos una parte activa y productiva en el proceso de integraci\u00f3n.<\/span><\/p>\n<p>[\/vc_column_text][\/vc_column][vc_column width=&#8221;1\/6&#8243;][\/vc_column][\/vc_row][vc_row type=&#8221;full_width_background&#8221; top_padding=&#8221;0&#8243; bottom_padding=&#8221;0&#8243;][vc_column][vc_empty_space height=&#8221;15px&#8221;][\/vc_column][\/vc_row][vc_row type=&#8221;full_width_background&#8221; bg_image=&#8221;2906&#8243; bg_position=&#8221;center center&#8221; bg_color=&#8221;#f2f2f2&#8243; overlay=&#8221;true&#8221; overlay_color=&#8221;#ecca25&#8243;][vc_column width=&#8221;1\/6&#8243;][\/vc_column][vc_column width=&#8221;2\/3&#8243;][vc_custom_heading text=&#8221;PROCESO DE CONTRATACI\u00d3N Y RECONOCIMIENTO&#8221; font_container=&#8221;tag:h1|text_align:center|color:%23000000&#8243; google_fonts=&#8221;font_family:Montserrat%3Aregular%2C700|font_style:400%20regular%3A400%3Anormal&#8221; css=&#8221;&#8221;][separator width=&#8221;200px&#8221; height=&#8221;1px&#8221; position=&#8221;center&#8221; color=&#8221;#222222&#8243; margin_top=&#8221;20px&#8221; margin_bottom=&#8221;20px&#8221;][vc_column_text css=&#8221;.vc_custom_1717409298867{padding-top: 20px !important;}&#8221;]<\/p>\n<p style=\"text-align: center;\"><span style=\"color: #000000;\">El proceso de colocaci\u00f3n de sus nuevos empleados se divide en siete pasos, desde el primer contacto con nosotros hasta la plena integraci\u00f3n en su empresa y en el nuevo entorno:<br \/>\n<\/span><\/p>\n<p>[\/vc_column_text][vc_column_text css=&#8221;&#8221;]<\/p>\n<p style=\"text-align: center;\">En una reuni\u00f3n inicial, realizamos un an\u00e1lisis conjunto de las necesidades y discutimos todo el proceso y sus requisitos.<\/p>\n<p>[\/vc_column_text][vc_icon type=&#8221;entypo&#8221; icon_entypo=&#8221;entypo-icon entypo-icon-down&#8221; color=&#8221;custom&#8221; size=&#8221;xl&#8221; align=&#8221;center&#8221; custom_color=&#8221;#000000&#8243;][vc_column_text css=&#8221;&#8221;]<\/p>\n<p style=\"text-align: center;\">En un proceso de preselecci\u00f3n, entrevistamos a los candidatos y comprobamos su idoneidad profesional y personal y determinamos una posible adecuaci\u00f3n a su organizaci\u00f3n.<\/p>\n<p>[\/vc_column_text][vc_icon type=&#8221;entypo&#8221; icon_entypo=&#8221;entypo-icon entypo-icon-down&#8221; color=&#8221;custom&#8221; size=&#8221;xl&#8221; align=&#8221;center&#8221; custom_color=&#8221;#000000&#8243;][vc_column_text css=&#8221;&#8221;]<\/p>\n<p style=\"text-align: center;\">En cuanto nos d\u00e9 el visto bueno, concertamos una entrevista conjunta (normalmente por v\u00eddeo).<br \/>\nSi ambas partes est\u00e1n de acuerdo, se redactar\u00e1 el contrato de trabajo.<\/p>\n<p>[\/vc_column_text][vc_icon type=&#8221;entypo&#8221; icon_entypo=&#8221;entypo-icon entypo-icon-down&#8221; color=&#8221;custom&#8221; size=&#8221;xl&#8221; align=&#8221;center&#8221; custom_color=&#8221;#000000&#8243;][vc_column_text css=&#8221;&#8221;]<\/p>\n<p style=\"text-align: center;\">En funci\u00f3n de los conocimientos de alem\u00e1n del candidato,<br \/>\norganizamos un curso de alem\u00e1n adecuado hasta el nivel B2.<\/p>\n<p>[\/vc_column_text][vc_icon type=&#8221;entypo&#8221; icon_entypo=&#8221;entypo-icon entypo-icon-down&#8221; color=&#8221;custom&#8221; size=&#8221;xl&#8221; align=&#8221;center&#8221; custom_color=&#8221;#000000&#8243;][vc_column_text css=&#8221;&#8221;]<\/p>\n<p style=\"text-align: center;\">Nos encargamos de todos los tr\u00e1mites oficiales para obtener el reconocimiento profesional<\/p>\n<p>[\/vc_column_text][vc_icon type=&#8221;entypo&#8221; icon_entypo=&#8221;entypo-icon entypo-icon-down&#8221; color=&#8221;custom&#8221; size=&#8221;xl&#8221; align=&#8221;center&#8221; custom_color=&#8221;#000000&#8243;][vc_column_text css=&#8221;&#8221;]<\/p>\n<p style=\"text-align: center;\">Su nuevo empleado llega y empieza a trabajar<\/p>\n<p>[\/vc_column_text][vc_icon type=&#8221;entypo&#8221; icon_entypo=&#8221;entypo-icon entypo-icon-down&#8221; color=&#8221;custom&#8221; size=&#8221;xl&#8221; align=&#8221;center&#8221; custom_color=&#8221;#000000&#8243;][vc_column_text css=&#8221;&#8221;]<\/p>\n<p style=\"text-align: center;\">Apoyo emp\u00e1tico durante el primer a\u00f1o y preparaci\u00f3n del equipo para la llegada de los nuevos compa\u00f1eros, as\u00ed como apoyo en la reagrupaci\u00f3n familiar<\/p>\n<p>[\/vc_column_text][\/vc_column][vc_column width=&#8221;1\/6&#8243;][\/vc_column][\/vc_row][vc_row equal_height=&#8221;yes&#8221;][vc_column][vc_custom_heading text=&#8221;NUESTROS SERVICIOS&#8221; font_container=&#8221;tag:h1|text_align:center|color:%23000000&#8243; google_fonts=&#8221;font_family:Montserrat%3Aregular%2C700|font_style:400%20regular%3A400%3Anormal&#8221;][separator width=&#8221;200px&#8221; height=&#8221;1px&#8221; position=&#8221;center&#8221; color=&#8221;#222222&#8243; margin_top=&#8221;20px&#8221; margin_bottom=&#8221;40px&#8221;][vc_row_inner][vc_column_inner width=&#8221;1\/6&#8243;][vc_custom_heading text=&#8221;1&#8243; font_container=&#8221;tag:h1|font_size:80px|text_align:center|color:%23000000|line_height:80px&#8221; use_theme_fonts=&#8221;yes&#8221;][vc_custom_heading text=&#8221;Organizaci\u00f3n y apoyo durante el curso de idiomas en el pa\u00eds de origen&#8221; font_container=&#8221;tag:p|text_align:center|color:%23000000&#8243; use_theme_fonts=&#8221;yes&#8221;][\/vc_column_inner][vc_column_inner width=&#8221;1\/6&#8243;][vc_custom_heading text=&#8221;2&#8243; font_container=&#8221;tag:h1|font_size:80px|text_align:center|color:%23000000|line_height:80px&#8221; use_theme_fonts=&#8221;yes&#8221;][vc_custom_heading text=&#8221;Preparaci\u00f3n y realizaci\u00f3n de las entrevistas en Alemania o en el pa\u00eds de origen&#8221; font_container=&#8221;tag:p|text_align:center|color:%23000000&#8243; use_theme_fonts=&#8221;yes&#8221;][\/vc_column_inner][vc_column_inner width=&#8221;1\/6&#8243;][vc_custom_heading text=&#8221;3&#8243; font_container=&#8221;tag:h1|font_size:80px|text_align:center|color:%23000000|line_height:80px&#8221; use_theme_fonts=&#8221;yes&#8221;][vc_custom_heading text=&#8221;Asistencia y preparaci\u00f3n de la transcici\u00f3n&#8221; font_container=&#8221;tag:p|text_align:center|color:%23000000&#8243; use_theme_fonts=&#8221;yes&#8221;][\/vc_column_inner][vc_column_inner width=&#8221;1\/6&#8243;][vc_custom_heading text=&#8221;4&#8243; font_container=&#8221;tag:h1|font_size:80px|text_align:center|color:%23000000|line_height:80px&#8221; use_theme_fonts=&#8221;yes&#8221;][vc_custom_heading text=&#8221;Asumir todas las actividades oficiales para obtener el reconocimiento profesional&#8221; font_container=&#8221;tag:p|text_align:center|color:%23000000&#8243; use_theme_fonts=&#8221;yes&#8221;][\/vc_column_inner][vc_column_inner width=&#8221;1\/6&#8243;][vc_custom_heading text=&#8221;5&#8243; font_container=&#8221;tag:h1|font_size:80px|text_align:center|color:%23000000|line_height:80px&#8221; use_theme_fonts=&#8221;yes&#8221;][vc_custom_heading text=&#8221;Apoyo en todas las cuestiones relacionadas con la integraci\u00f3n&#8221; font_container=&#8221;tag:p|text_align:center|color:%23000000&#8243; use_theme_fonts=&#8221;yes&#8221;][\/vc_column_inner][vc_column_inner width=&#8221;1\/6&#8243;][vc_custom_heading text=&#8221;6&#8243; font_container=&#8221;tag:h1|font_size:80px|text_align:center|color:%23000000|line_height:80px&#8221; use_theme_fonts=&#8221;yes&#8221;][vc_custom_heading text=&#8221;Preparar a su equipo para la llegada de los nuevos colegas&#8221; font_container=&#8221;tag:p|text_align:center|color:%23000000&#8243; use_theme_fonts=&#8221;yes&#8221;][\/vc_column_inner][\/vc_row_inner][\/vc_column][\/vc_row][vc_row type=&#8221;full_width_background&#8221; bg_image=&#8221;2906&#8243; bg_position=&#8221;center center&#8221; overlay=&#8221;true&#8221; overlay_color=&#8221;#87bdde&#8221; top_padding=&#8221;50&#8243; bottom_padding=&#8221;30&#8243;][vc_column][vc_custom_heading text=&#8221;INTEGRACI\u00d3N DE LOS NUEVOS EMPLEADOS&#8221; font_container=&#8221;tag:h1|text_align:center|color:%23000000&#8243; google_fonts=&#8221;font_family:Montserrat%3Aregular%2C700|font_style:400%20regular%3A400%3Anormal&#8221;][separator width=&#8221;200px&#8221; height=&#8221;1px&#8221; position=&#8221;center&#8221; color=&#8221;#222222&#8243; margin_top=&#8221;20px&#8221; margin_bottom=&#8221;20px&#8221;][vc_column_text css=&#8221;.vc_custom_1626098606708{padding-top: 20px !important;}&#8221;]<\/p>\n<p style=\"text-align: center;\"><span style=\"color: #000000;\">Nuestro objetivo principal durante la contrataci\u00f3n es garantizar que los nuevos profesionales se integren<br \/>\nde forma eficaz y duradera en su equipo. Si sus nuevos empleados consiguen integrarse bien en Alemania,<br \/>\nen su ciudad y en el trabajo, su hospital tendr\u00e1 un verdadero beneficio a largo plazo.<\/span><\/p>\n<p>[\/vc_column_text][vc_custom_heading text=&#8221;Este \u00e9xito se basa principalmente en dos pilares:&#8221; font_container=&#8221;tag:h2|text_align:center|color:%23000000&#8243; google_fonts=&#8221;font_family:Montserrat%3Aregular%2C700|font_style:400%20regular%3A400%3Anormal&#8221;][vc_empty_space height=&#8221;30px&#8221;][vc_icon type=&#8221;entypo&#8221; icon_entypo=&#8221;entypo-icon entypo-icon-down&#8221; color=&#8221;custom&#8221; size=&#8221;xl&#8221; align=&#8221;center&#8221; custom_color=&#8221;#000000&#8243;][vc_custom_heading text=&#8221;El aprendizaje del idioma alem\u00e1n&#8221; font_container=&#8221;tag:h2|text_align:center|color:%23000000&#8243; google_fonts=&#8221;font_family:Montserrat%3Aregular%2C700|font_style:400%20regular%3A400%3Anormal&#8221;][vc_empty_space height=&#8221;30px&#8221;][vc_row_inner][vc_column_inner width=&#8221;1\/4&#8243;][services_medium style=&#8221;style_3&#8243; icon=&#8221;steadysets-icon-book2&#8243; icon_color=&#8221;#000000&#8243; circle_color=&#8221;#f8f8f8&#8243; border_color=&#8221;#000000&#8243;]<\/p>\n<p style=\"text-align: center;\">6-8 meses de curso intensivo de alem\u00e1n en el pa\u00eds de origen<\/p>\n<p>[\/services_medium][\/vc_column_inner][vc_column_inner width=&#8221;1\/4&#8243;][services_medium style=&#8221;style_3&#8243; icon=&#8221;steadysets-icon-clipboard&#8221; icon_color=&#8221;#000000&#8243; circle_color=&#8221;#f8f8f8&#8243; border_color=&#8221;#000000&#8243;]<\/p>\n<p style=\"text-align: center;\">Despu\u00e9s del nivel B1 (seg\u00fan la escuela de idiomas) Inicia la preparaci\u00f3n del vocabulario de enfermer\u00eda<\/p>\n<p>[\/services_medium][\/vc_column_inner][vc_column_inner width=&#8221;1\/4&#8243;][services_medium style=&#8221;style_3&#8243; icon=&#8221;steadysets-icon-comment&#8221; icon_color=&#8221;#000000&#8243; circle_color=&#8221;#f8f8f8&#8243; border_color=&#8221;#000000&#8243;]<\/p>\n<p style=\"text-align: center;\">Tras la finalizaci\u00f3n del curso, consolidaci\u00f3n del idioma en la pr\u00e1ctica<\/p>\n<p>[\/services_medium][\/vc_column_inner][vc_column_inner width=&#8221;1\/4&#8243;][services_medium style=&#8221;style_3&#8243; icon=&#8221;steadysets-icon-battery-full&#8221; icon_color=&#8221;#000000&#8243; circle_color=&#8221;#f8f8f8&#8243; border_color=&#8221;#000000&#8243;]<\/p>\n<p style=\"text-align: center;\">Animar a nuestros candidatos a poner toda la energ\u00eda posible en el curso de alem\u00e1n.<\/p>\n<p>[\/services_medium][\/vc_column_inner][\/vc_row_inner][vc_icon type=&#8221;entypo&#8221; icon_entypo=&#8221;entypo-icon entypo-icon-down&#8221; color=&#8221;custom&#8221; size=&#8221;xl&#8221; align=&#8221;center&#8221; custom_color=&#8221;#000000&#8243;][vc_custom_heading text=&#8221;Apoyo constante, especialmente en el primer a\u00f1o&#8221; font_container=&#8221;tag:h2|text_align:center|color:%23000000&#8243; google_fonts=&#8221;font_family:Montserrat%3Aregular%2C700|font_style:400%20regular%3A400%3Anormal&#8221;][vc_empty_space height=&#8221;30px&#8221;][vc_row_inner][vc_column_inner width=&#8221;1\/6&#8243;][services_medium style=&#8221;style_3&#8243; icon=&#8221;moon-thumbs-up&#8221; icon_color=&#8221;#000000&#8243; circle_color=&#8221;#f8f8f8&#8243; border_color=&#8221;#000000&#8243;]<\/p>\n<p style=\"text-align: center;\">Holalemania como &#8220;-Coach de integraci\u00f3n&#8221;<\/p>\n<p>[\/services_medium][\/vc_column_inner][vc_column_inner width=&#8221;1\/6&#8243;][services_medium style=&#8221;style_3&#8243; icon=&#8221;moon-stack&#8221; icon_color=&#8221;#000000&#8243; circle_color=&#8221;#f8f8f8&#8243; border_color=&#8221;#000000&#8243;]<\/p>\n<p style=\"text-align: center;\">Apoyo y orientaci\u00f3n en todas las cuestiones burocr\u00e1ticas y no burocr\u00e1ticas<\/p>\n<p>[\/services_medium][\/vc_column_inner][vc_column_inner width=&#8221;1\/6&#8243;][services_medium style=&#8221;style_3&#8243; icon=&#8221;steadysets-icon-barbell&#8221; icon_color=&#8221;#000000&#8243; circle_color=&#8221;#f8f8f8&#8243; border_color=&#8221;#000000&#8243;]<\/p>\n<p style=\"text-align: center;\">Orientaci\u00f3n y apoyo para la independencia en Alemania<\/p>\n<p>[\/services_medium][\/vc_column_inner][vc_column_inner width=&#8221;1\/6&#8243;][services_medium style=&#8221;style_3&#8243; icon=&#8221;steadysets-icon-users&#8221; icon_color=&#8221;#000000&#8243; circle_color=&#8221;#f8f8f8&#8243; border_color=&#8221;#000000&#8243;]<\/p>\n<p style=\"text-align: center;\">Establecer una buena actitud de recibimiento en el nuevo equipo<\/p>\n<p>[\/services_medium][\/vc_column_inner][vc_column_inner width=&#8221;1\/6&#8243;][services_medium style=&#8221;style_3&#8243; icon=&#8221;moon-user-plus-3&#8243; icon_color=&#8221;#000000&#8243; circle_color=&#8221;#f8f8f8&#8243; border_color=&#8221;#000000&#8243;]<\/p>\n<p style=\"text-align: center;\">Guiar a los colegas alemanes para la llegada de los nuevos colegas<\/p>\n<p>[\/services_medium][\/vc_column_inner][vc_column_inner width=&#8221;1\/6&#8243;][services_medium style=&#8221;style_3&#8243; icon=&#8221;steadysets-icon-support&#8221; icon_color=&#8221;#000000&#8243; circle_color=&#8221;#f8f8f8&#8243; border_color=&#8221;#000000&#8243;]<\/p>\n<p style=\"text-align: center;\">Oferta de reflexi\u00f3n en problemas ling\u00fc\u00edsticos, culturales y en general<\/p>\n<p>[\/services_medium][\/vc_column_inner][\/vc_row_inner][\/vc_column][\/vc_row][vc_row type=&#8221;full_width_background&#8221; bg_color=&#8221;#ffffff&#8221;][vc_column width=&#8221;1\/6&#8243;][\/vc_column][vc_column width=&#8221;2\/3&#8243;][vc_custom_heading text=&#8221;INFORMACI\u00d3N SOBRE EL RECONOCIMIENTO PROFESIONAL&#8221; font_container=&#8221;tag:h1|text_align:center|color:%23000000&#8243; google_fonts=&#8221;font_family:Montserrat%3Aregular%2C700|font_style:400%20regular%3A400%3Anormal&#8221;][separator width=&#8221;200px&#8221; height=&#8221;1px&#8221; position=&#8221;center&#8221; color=&#8221;#222222&#8243; margin_top=&#8221;20px&#8221; margin_bottom=&#8221;20px&#8221;][vc_column_text css=&#8221;.vc_custom_1626098842378{padding-top: 20px !important;}&#8221;]<\/p>\n<p style=\"text-align: center;\"><span style=\"color: #000000;\">Todos los candidatos asisten a un curso intensivo de alem\u00e1n antes de trasladarse a Alemania. El curso est\u00e1 dise\u00f1ado para finalizar con el nivel B2, de modo que los candidatos puedan empezar a trabajar en su hospital unas semanas despu\u00e9s de la finalizaci\u00f3n del curso (una vez obtenido los resultados del ex\u00e1men y , en algunos casos, tras procesos relativos al reconocimiento). Si se desea, tambi\u00e9n es posible que el profesional empiece a trabajar despu\u00e9s de finalizar el curso B1 como auxiliar de enfermer\u00eda, hasta obtener el nivel B2 y el certificado de reconocimiento.<\/span><\/p>\n<p>[\/vc_column_text][\/vc_column][vc_column width=&#8221;1\/6&#8243;][\/vc_column][\/vc_row][vc_row type=&#8221;full_width_background&#8221; bg_color=&#8221;#f2f2f2&#8243;][vc_column width=&#8221;1\/6&#8243;][\/vc_column][vc_column width=&#8221;2\/3&#8243;][vc_custom_heading text=&#8221;NO DUDE EN PONERSE EN CONTACTO CON NOSOTROS \/<br \/>\nESTAREMOS ENCANTADOS DE CONOCERLO PERSONALMENTE&#8221; font_container=&#8221;tag:h1|text_align:center|color:%23000000&#8243; google_fonts=&#8221;font_family:Montserrat%3Aregular%2C700|font_style:400%20regular%3A400%3Anormal&#8221;][separator width=&#8221;200px&#8221; height=&#8221;1px&#8221; position=&#8221;center&#8221; color=&#8221;#222222&#8243; margin_top=&#8221;20px&#8221; margin_bottom=&#8221;20px&#8221;][vc_column_text css=&#8221;.vc_custom_1626098895413{padding-top: 20px !important;}&#8221;]<\/p>\n<p style=\"text-align: center;\"><span style=\"color: #000000;\">Nos gustaria mucho proporcionarle de forma personal informaci\u00f3n m\u00e1s detallada, y presentarle tambi\u00e9n nuestra forma de trabajo, para que que podamos identificar como satisfacer de la mejor forma posible sus necesidades.<br \/>\n<u>Cont\u00e1ctenos<\/u>\u00a0con gusto hoy mismo. Puede que ya tengamos al profesional o profesionales adecuados para su hospital.<\/span><\/p>\n<p>[\/vc_column_text][\/vc_column][vc_column width=&#8221;1\/6&#8243;][\/vc_column][\/vc_row][vc_row type=&#8221;full_width_background&#8221; top_padding=&#8221;0&#8243; bottom_padding=&#8221;0&#8243;][vc_column][vc_empty_space height=&#8221;15px&#8221;][\/vc_column][\/vc_row]<\/p>\n<\/div>","protected":false},"excerpt":{"rendered":"<p>[vc_row][vc_column][vc_single_image image=&#8221;7826&#8243; img_size=&#8221;full&#8221; alignment=&#8221;center&#8221; css=&#8221;&#8221;][vc_row_inner][vc_column_inner width=&#8221;1\/4&#8243;][\/vc_column_inner][vc_column_inner width=&#8221;1\/2&#8243; centered_cont=&#8221;true&#8221; centered_cont_vertical=&#8221;true&#8221; background_color=&#8221;#87bdde&#8221; css=&#8221;.vc_custom_1625121449454{border-top-width: 15px !important;border-right-width: 15px !important;border-bottom-width: 15px !important;border-left-width: 15px !important;padding-top: 25px !important;padding-right: 25px !important;padding-bottom: 25px !important;padding-left: 25px !important;background-color: #87bdde !important;border-left-color: #ffffff !important;border-left-style: solid !important;border-right-color: #ffffff !important;border-right-style: solid !important;border-top-color: #ffffff !important;border-top-style: solid !important;border-bottom-color: #ffffff !important;border-bottom-style: solid !important;}&#8221; el_id=&#8221;head-text&#8221;][vc_empty_space height=&#8221;100px&#8221; el_class=&#8221;spaceok&#8221;][vc_custom_heading text=&#8221;PARA LOS HOSPITALES&#8221; font_container=&#8221;tag:h1|text_align:center|color:%23000000&#8243; google_fonts=&#8221;font_family:Montserrat%3Aregular%2C700|font_style:400%20regular%3A400%3Anormal&#8221;][vc_empty_space height=&#8221;100px&#8221; el_class=&#8221;spaceok&#8221;][\/vc_column_inner][vc_column_inner [&hellip;]<\/p>\n","protected":false},"author":1,"featured_media":5814,"parent":0,"menu_order":0,"comment_status":"closed","ping_status":"closed","template":"","meta":{"_acf_changed":false,"footnotes":""},"class_list":["post-6194","page","type-page","status-publish","has-post-thumbnail","hentry"],"acf":[],"_links":{"self":[{"href":"https:\/\/holalemania.de\/es\/wp-json\/wp\/v2\/pages\/6194","targetHints":{"allow":["GET"]}}],"collection":[{"href":"https:\/\/holalemania.de\/es\/wp-json\/wp\/v2\/pages"}],"about":[{"href":"https:\/\/holalemania.de\/es\/wp-json\/wp\/v2\/types\/page"}],"author":[{"embeddable":true,"href":"https:\/\/holalemania.de\/es\/wp-json\/wp\/v2\/users\/1"}],"replies":[{"embeddable":true,"href":"https:\/\/holalemania.de\/es\/wp-json\/wp\/v2\/comments?post=6194"}],"version-history":[{"count":8,"href":"https:\/\/holalemania.de\/es\/wp-json\/wp\/v2\/pages\/6194\/revisions"}],"predecessor-version":[{"id":7839,"href":"https:\/\/holalemania.de\/es\/wp-json\/wp\/v2\/pages\/6194\/revisions\/7839"}],"wp:featuredmedia":[{"embeddable":true,"href":"https:\/\/holalemania.de\/es\/wp-json\/wp\/v2\/media\/5814"}],"wp:attachment":[{"href":"https:\/\/holalemania.de\/es\/wp-json\/wp\/v2\/media?parent=6194"}],"curies":[{"name":"wp","href":"https:\/\/api.w.org\/{rel}","templated":true}]}}