{"id":6174,"date":"2021-06-09T17:50:03","date_gmt":"2021-06-09T16:50:03","guid":{"rendered":"https:\/\/holalemania.de\/demo"},"modified":"2026-04-21T06:24:32","modified_gmt":"2026-04-21T05:24:32","slug":"home","status":"publish","type":"page","link":"https:\/\/holalemania.de\/es\/","title":{"rendered":"Home"},"content":{"rendered":"<div class=\"wpb-content-wrapper\"><p>[vc_row][vc_column][vc_single_image image=&#8221;5814&#8243; img_size=&#8221;full&#8221; alignment=&#8221;center&#8221;][vc_row_inner][vc_column_inner width=&#8221;1\/4&#8243; css=&#8221;.vc_custom_1724676534006{background-color: rgba(0,0,0,0.01) !important;*background-color: rgb(0,0,0) !important;}&#8221;][vc_single_image image=&#8221;7800&#8243; img_size=&#8221;full&#8221; alignment=&#8221;center&#8221; onclick=&#8221;custom_link&#8221; img_link_target=&#8221;_blank&#8221; css=&#8221;&#8221; link=&#8221;https:\/\/www.faire-anwerbung-pflege-deutschland.de\/&#8221; el_class=&#8221;ral&#8221;][\/vc_column_inner][vc_column_inner width=&#8221;1\/2&#8243; centered_cont=&#8221;true&#8221; centered_cont_vertical=&#8221;true&#8221; background_color=&#8221;#87bdde&#8221; css=&#8221;.vc_custom_1625046403886{border-top-width: 15px !important;border-right-width: 15px !important;border-bottom-width: 15px !important;border-left-width: 15px !important;padding-top: 25px !important;padding-bottom: 25px !important;background-color: #87bdde !important;border-left-color: #ffffff !important;border-left-style: solid !important;border-right-color: #ffffff !important;border-right-style: solid !important;border-top-color: #ffffff !important;border-top-style: solid !important;border-bottom-color: #ffffff !important;border-bottom-style: solid !important;}&#8221; el_id=&#8221;head-text&#8221;][vc_custom_heading text=&#8221;TRABAJAR COMO ENFERMERA\/O<br \/>\nEN ALEMANIA&#8221; font_container=&#8221;tag:h1|text_align:center|color:%23000000&#8243; google_fonts=&#8221;font_family:Montserrat%3Aregular%2C700|font_style:400%20regular%3A400%3Anormal&#8221;][vc_empty_space height=&#8221;20px&#8221;][vc_column_text css=&#8221;.vc_custom_1626265516473{padding-top: 20px !important;}&#8221;]<\/p>\n<p style=\"text-align: center;\"><span style=\"color: #000000;\">Echa un vistazo a nuestra amplia gama de oportunidades de empleo como enfermera\/o y matrona\/enfermera de maternidad y env\u00edanos tu CV. Nos pondremos en contacto contigo lo antes posible para agendar una entrevista.<\/span><\/p>\n<p>[\/vc_column_text][vc_btn title=&#8221;!Envia tu solicitud!&#8221; style=&#8221;custom&#8221; custom_background=&#8221;#ecca25&#8243; custom_text=&#8221;#000000&#8243; shape=&#8221;square&#8221; align=&#8221;center&#8221; link=&#8221;url:https%3A%2F%2Fholalemania.de%2Fes%2Fsolicitud|title:Solicitud&#8221;][\/vc_column_inner][vc_column_inner width=&#8221;1\/4&#8243;][vc_single_image image=&#8221;7871&#8243; img_size=&#8221;full&#8221; alignment=&#8221;center&#8221; onclick=&#8221;custom_link&#8221; img_link_target=&#8221;_blank&#8221; css=&#8221;.vc_custom_1729166665606{padding-top: 40px !important;}&#8221; link=&#8221;https:\/\/www.faire-anwerbung-pflege-deutschland.de\/&#8221; el_id=&#8221;ral&#8221;][\/vc_column_inner][\/vc_row_inner][\/vc_column][\/vc_row][vc_row type=&#8221;full_width_background&#8221; bg_color=&#8221;#f2f2f2&#8243;][vc_column width=&#8221;1\/4&#8243;][\/vc_column][vc_column width=&#8221;1\/2&#8243;][vc_custom_heading text=&#8221;ENFERMERAS\/OS Y MATRONAS DE EUROPA Y OTROS PA\u00cdSES QUE DESEEN TRABAJAR EN HOSPITALES EN ALEMANIA&#8221; font_container=&#8221;tag:h1|text_align:center|color:%23000000&#8243; google_fonts=&#8221;font_family:Montserrat%3Aregular%2C700|font_style:400%20regular%3A400%3Anormal&#8221;][separator width=&#8221;200px&#8221; height=&#8221;1px&#8221; position=&#8221;center&#8221; color=&#8221;#222222&#8243; margin_top=&#8221;20px&#8221; margin_bottom=&#8221;20px&#8221;][vc_column_text css=&#8221;.vc_custom_1626265428596{padding-top: 20px !important;}&#8221;]<\/p>\n<p style=\"text-align: center;\"><span style=\"color: #000000;\">\u00a1Bienvenido a la p\u00e1gina web de Holalemania!<\/span><br \/>\n<span style=\"color: #000000;\">Nos dirigimos a todos los hospitales de Alemania que requieren personal en el \u00e1rea de enfermer\u00eda o de obstetricia, y tambi\u00e9n a aquellas enfermeras\/os y matronas que planean venir a Alemania a ejercer su profesi\u00f3n.<\/span><\/p>\n<p>[\/vc_column_text][\/vc_column][vc_column width=&#8221;1\/4&#8243;][\/vc_column][\/vc_row][vc_row][vc_column width=&#8221;1\/4&#8243;][\/vc_column][vc_column width=&#8221;1\/2&#8243;][vc_column_text]<\/p>\n<p style=\"text-align: center;\"><span style=\"color: #000000;\">Holalemania es un equipo internacional con sede en Hamburgo. Nuestro trabajo se enfoca en una mediaci\u00f3n efectiva, productiva y a largo plazo. Nos caracterizamos por el acompa\u00f1amiento cercano con nuestros candidatos y clientes; y tambi\u00e9n por nuestros a\u00f1os de experiencia. Acompa\u00f1amos a nuestros candidatos desde su llegada a Alemania y en \u00e1reas que van m\u00e1s all\u00e1 de la integraci\u00f3n en su entorno laboral (durante el primer a\u00f1o de trabajo). Ofrecemos ayuda pr\u00e1ctica, apoyo emocional y estamos disponibles a apoyar en cualquier situaci\u00f3n o para resolver dudas.<\/span><\/p>\n<p>[\/vc_column_text][\/vc_column][vc_column width=&#8221;1\/4&#8243;][\/vc_column][\/vc_row][vc_row][vc_column width=&#8221;1\/6&#8243;][\/vc_column][vc_column width=&#8221;1\/3&#8243;][vc_icon icon_fontawesome=&#8221;fas fa-stethoscope&#8221; color=&#8221;custom&#8221; size=&#8221;xl&#8221; align=&#8221;center&#8221; custom_color=&#8221;#87bdde&#8221;][vc_custom_heading text=&#8221;PARA LOS CANDIDATOS&#8221; font_container=&#8221;tag:h1|text_align:center|color:%23000000&#8243; google_fonts=&#8221;font_family:Montserrat%3Aregular%2C700|font_style:400%20regular%3A400%3Anormal&#8221;][separator width=&#8221;100px&#8221; height=&#8221;1px&#8221; position=&#8221;center&#8221; color=&#8221;#222222&#8243; margin_top=&#8221;20px&#8221; margin_bottom=&#8221;20px&#8221;][vc_column_text css=&#8221;.vc_custom_1626265824727{padding-top: 20px !important;}&#8221;]<\/p>\n<p style=\"text-align: center;\"><span style=\"color: #000000;\">Con el apoyo de nuestro<br \/>\nequipo \u2028tendr\u00e1s a alguien a tu lado<br \/>\nen diversos aspectos,<br \/>\nque abarcan desde el reconocimiento<br \/>\ndel t\u00edtulo, hasta la b\u00fasqueda de<br \/>\nuna vivienda en Alemania.<\/span>[\/vc_column_text][vc_btn title=&#8221;Lo que ofrecemos&#8221; style=&#8221;custom&#8221; custom_background=&#8221;#87bdde&#8221; custom_text=&#8221;#000000&#8243; shape=&#8221;square&#8221; size=&#8221;lg&#8221; align=&#8221;center&#8221; link=&#8221;url:https%3A%2F%2Fholalemania.de%2Fes%2Fpor-que-venir-a-alemania-con-holalemania|title:%C2%BFPor%20qu%C3%A9%20venir%20a%20Alemania%20con%20Holalemania%3F&#8221;][vc_empty_space height=&#8221;20px&#8221;][\/vc_column][vc_column width=&#8221;1\/3&#8243;][vc_icon icon_fontawesome=&#8221;far fa-hospital&#8221; color=&#8221;custom&#8221; size=&#8221;xl&#8221; align=&#8221;center&#8221; custom_color=&#8221;#87bdde&#8221;][vc_custom_heading text=&#8221;PARA LOS HOSPITALES&#8221; font_container=&#8221;tag:h1|text_align:center|color:%23000000&#8243; google_fonts=&#8221;font_family:Montserrat%3Aregular%2C700|font_style:400%20regular%3A400%3Anormal&#8221;][separator width=&#8221;100px&#8221; height=&#8221;1px&#8221; position=&#8221;center&#8221; color=&#8221;#222222&#8243; margin_top=&#8221;20px&#8221; margin_bottom=&#8221;20px&#8221;][vc_column_text]<\/p>\n<p style=\"text-align: center;\"><span style=\"color: #000000;\">Seleccionamos para usted trabajadores cualificados principalmente de Europa y Sudam\u00e9rica. Adem\u00e1s, ofrecemos apoyo permanente para ambas partes durante la integraci\u00f3n en Alemania, en la nueva ciudad y en el nuevo hogar.<\/span><\/p>\n<p>[\/vc_column_text][vc_btn title=&#8221;Nuestros servicios&#8221; style=&#8221;custom&#8221; custom_background=&#8221;#87bdde&#8221; custom_text=&#8221;#000000&#8243; shape=&#8221;square&#8221; size=&#8221;lg&#8221; align=&#8221;center&#8221; link=&#8221;url:https%3A%2F%2Fholalemania.de%2Fes%2Fpara-los-hospitales|title:Para%20los%20hospitales&#8221;][\/vc_column][vc_column width=&#8221;1\/6&#8243;][\/vc_column][\/vc_row][vc_row type=&#8221;full_width_background&#8221; bg_image=&#8221;2906&#8243; bg_position=&#8221;center center&#8221; overlay=&#8221;true&#8221; overlay_color=&#8221;#ecca25&#8243; top_padding=&#8221;150&#8243; bottom_padding=&#8221;150&#8243;][vc_column width=&#8221;1\/4&#8243;][vc_custom_heading text=&#8221;35&#8243; font_container=&#8221;tag:h1|font_size:80px|text_align:center|color:%23000000|line_height:80px&#8221; use_theme_fonts=&#8221;yes&#8221;][vc_custom_heading text=&#8221;TODAS LAS DIFERENTES<br \/>\nNACIONALIDADES DE<br \/>\nNUESTROS CANDIDATOS&#8221; font_container=&#8221;tag:p|text_align:center|color:%23000000&#8243; use_theme_fonts=&#8221;yes&#8221;][\/vc_column][vc_column width=&#8221;1\/4&#8243;][vc_custom_heading text=&#8221;921&#8243; font_container=&#8221;tag:h1|font_size:80px|text_align:center|color:%23000000|line_height:80px&#8221; use_theme_fonts=&#8221;yes&#8221; css=&#8221;&#8221;][vc_custom_heading text=&#8221;MATRONAS Y<br \/>\nENFERMERAS\/OS<br \/>\nQUE HEMOS RECIBIDO&#8221; font_container=&#8221;tag:p|text_align:center|color:%23000000&#8243; use_theme_fonts=&#8221;yes&#8221;][\/vc_column][vc_column width=&#8221;1\/4&#8243;][vc_custom_heading text=&#8221;13&#8243; font_container=&#8221;tag:h1|font_size:80px|text_align:center|color:%23000000|line_height:80px&#8221; use_theme_fonts=&#8221;yes&#8221; css=&#8221;&#8221;][vc_custom_heading text=&#8221;A\u00d1OS DE EXPERIENCIA<br \/>\nEN EL \u00c1MBITO DE LA<br \/>\nINTERMEDIACI\u00d3N LABORAL&#8221; font_container=&#8221;tag:p|text_align:center|color:%23000000&#8243; use_theme_fonts=&#8221;yes&#8221;][\/vc_column][vc_column width=&#8221;1\/4&#8243;][vc_custom_heading text=&#8221;62&#8243; font_container=&#8221;tag:h1|font_size:80px|text_align:center|color:%23000000|line_height:80px&#8221; use_theme_fonts=&#8221;yes&#8221; css=&#8221;&#8221;][vc_custom_heading text=&#8221;HOSPITALES<br \/>\nCON LOS QUE<br \/>\nTRABAJAMOS&#8221; font_container=&#8221;tag:p|text_align:center|color:%23000000&#8243; use_theme_fonts=&#8221;yes&#8221;][\/vc_column][\/vc_row][vc_row][vc_column][vc_single_image image=&#8221;8047&#8243; img_size=&#8221;full&#8221; alignment=&#8221;center&#8221; css=&#8221;&#8221;][vc_row_inner][vc_column_inner width=&#8221;1\/4&#8243;][\/vc_column_inner][vc_column_inner width=&#8221;1\/2&#8243; centered_cont=&#8221;true&#8221; centered_cont_vertical=&#8221;true&#8221; background_color=&#8221;#87bdde&#8221; css=&#8221;.vc_custom_1623256425913{border-top-width: 15px !important;border-right-width: 15px !important;border-bottom-width: 15px !important;border-left-width: 15px !important;background-color: #87bdde !important;border-left-color: #ffffff !important;border-left-style: solid !important;border-right-color: #ffffff !important;border-right-style: solid !important;border-top-color: #ffffff !important;border-top-style: solid !important;border-bottom-color: #ffffff !important;border-bottom-style: solid !important;}&#8221; el_id=&#8221;head-text-2&#8243;][vc_custom_heading text=&#8221;EL EQUIPO&#8221; font_container=&#8221;tag:h1|text_align:center|color:%23000000&#8243; google_fonts=&#8221;font_family:Montserrat%3Aregular%2C700|font_style:400%20regular%3A400%3Anormal&#8221;][vc_empty_space height=&#8221;20px&#8221;][vc_column_text css=&#8221;.vc_custom_1626265914110{padding-top: 20px !important;}&#8221;]<\/p>\n<p style=\"text-align: center;\"><span style=\"color: #000000;\">El equipo de Holalemania apoya a sus candidatos en todas las fases del proceso de intermediaci\u00f3n laboral, tanto en su pa\u00eds de origen, por ejemplo en la b\u00fasqueda de una escuela de idiomas, como en Alemania. Nos destacamos por la versatilidad y la internacionalidad.<\/span><\/p>\n<p>[\/vc_column_text][vc_btn title=&#8221;Con\u00f3zcanos mejor&#8221; style=&#8221;custom&#8221; custom_background=&#8221;#ecca25&#8243; custom_text=&#8221;#000000&#8243; shape=&#8221;square&#8221; align=&#8221;center&#8221; link=&#8221;url:https%3A%2F%2Fholalemania.de%2Fes%2Fquienes-somos|title:Qui%C3%A9nes%20somos&#8221;][vc_empty_space height=&#8221;20px&#8221;][\/vc_column_inner][vc_column_inner width=&#8221;1\/4&#8243;][\/vc_column_inner][\/vc_row_inner][\/vc_column][\/vc_row][vc_row type=&#8221;full_width_background&#8221; bg_image=&#8221;2906&#8243; bg_position=&#8221;center center&#8221; overlay=&#8221;true&#8221; overlay_color=&#8221;#87bdde&#8221; top_padding=&#8221;50&#8243; bottom_padding=&#8221;0&#8243; class=&#8221;blog&#8221;][vc_column width=&#8221;1\/12&#8243;][\/vc_column][vc_column width=&#8221;10\/12&#8243;][vc_custom_heading text=&#8221;LAS \u00daLTIMAS NOTICIAS DE NUESTRO BLOG&#8221; font_container=&#8221;tag:h1|text_align:center|color:%23000000&#8243; google_fonts=&#8221;font_family:Montserrat%3Aregular%2C700|font_style:400%20regular%3A400%3Anormal&#8221;][separator width=&#8221;200px&#8221; height=&#8221;1px&#8221; position=&#8221;center&#8221; color=&#8221;#222222&#8243; margin_top=&#8221;20px&#8221; margin_bottom=&#8221;20px&#8221;][vc_basic_grid post_type=&#8221;post&#8221; max_items=&#8221;3&#8243; gap=&#8221;35&#8243; item=&#8221;5446&#8243; initial_loading_animation=&#8221;none&#8221; grid_id=&#8221;vc_gid:1776749057196-d906554c-0d52-2&#8243; el_class=&#8221;blog&#8221;][\/vc_column][vc_column width=&#8221;1\/12&#8243;][\/vc_column][\/vc_row]<\/p>\n<\/div>","protected":false},"excerpt":{"rendered":"<p>[vc_row][vc_column][vc_single_image image=&#8221;5814&#8243; img_size=&#8221;full&#8221; alignment=&#8221;center&#8221;][vc_row_inner][vc_column_inner width=&#8221;1\/4&#8243; css=&#8221;.vc_custom_1724676534006{background-color: rgba(0,0,0,0.01) !important;*background-color: rgb(0,0,0) !important;}&#8221;][vc_single_image image=&#8221;7800&#8243; img_size=&#8221;full&#8221; alignment=&#8221;center&#8221; onclick=&#8221;custom_link&#8221; img_link_target=&#8221;_blank&#8221; css=&#8221;&#8221; link=&#8221;https:\/\/www.faire-anwerbung-pflege-deutschland.de\/&#8221; el_class=&#8221;ral&#8221;][\/vc_column_inner][vc_column_inner width=&#8221;1\/2&#8243; centered_cont=&#8221;true&#8221; centered_cont_vertical=&#8221;true&#8221; background_color=&#8221;#87bdde&#8221; css=&#8221;.vc_custom_1625046403886{border-top-width: 15px !important;border-right-width: 15px !important;border-bottom-width: 15px !important;border-left-width: 15px !important;padding-top: 25px !important;padding-bottom: 25px !important;background-color: #87bdde !important;border-left-color: #ffffff !important;border-left-style: solid !important;border-right-color: #ffffff !important;border-right-style: solid !important;border-top-color: #ffffff !important;border-top-style: solid !important;border-bottom-color: #ffffff !important;border-bottom-style: solid !important;}&#8221; el_id=&#8221;head-text&#8221;][vc_custom_heading text=&#8221;TRABAJAR [&hellip;]<\/p>\n","protected":false},"author":1,"featured_media":5705,"parent":0,"menu_order":0,"comment_status":"closed","ping_status":"closed","template":"","meta":{"_acf_changed":false,"footnotes":""},"class_list":["post-6174","page","type-page","status-publish","has-post-thumbnail","hentry"],"acf":[],"_links":{"self":[{"href":"https:\/\/holalemania.de\/es\/wp-json\/wp\/v2\/pages\/6174","targetHints":{"allow":["GET"]}}],"collection":[{"href":"https:\/\/holalemania.de\/es\/wp-json\/wp\/v2\/pages"}],"about":[{"href":"https:\/\/holalemania.de\/es\/wp-json\/wp\/v2\/types\/page"}],"author":[{"embeddable":true,"href":"https:\/\/holalemania.de\/es\/wp-json\/wp\/v2\/users\/1"}],"replies":[{"embeddable":true,"href":"https:\/\/holalemania.de\/es\/wp-json\/wp\/v2\/comments?post=6174"}],"version-history":[{"count":10,"href":"https:\/\/holalemania.de\/es\/wp-json\/wp\/v2\/pages\/6174\/revisions"}],"predecessor-version":[{"id":8388,"href":"https:\/\/holalemania.de\/es\/wp-json\/wp\/v2\/pages\/6174\/revisions\/8388"}],"wp:featuredmedia":[{"embeddable":true,"href":"https:\/\/holalemania.de\/es\/wp-json\/wp\/v2\/media\/5705"}],"wp:attachment":[{"href":"https:\/\/holalemania.de\/es\/wp-json\/wp\/v2\/media?parent=6174"}],"curies":[{"name":"wp","href":"https:\/\/api.w.org\/{rel}","templated":true}]}}